{"id":1043,"date":"2020-11-27T20:54:32","date_gmt":"2020-11-27T19:54:32","guid":{"rendered":"http:\/\/baynana.es\/?page_id=1043"},"modified":"2023-11-09T10:55:10","modified_gmt":"2023-11-09T09:55:10","slug":"politica-de-privacidad","status":"publish","type":"page","link":"https:\/\/baynana.es\/es\/politica-de-privacidad\/","title":{"rendered":"Pol\u00edtica de Privacidad"},"content":{"rendered":"\n<h4 class=\"wp-block-heading\">Responsable de los datos<\/h4>\n\n\n\n<p>BAYNANA ESPJ<br>NIF: E13744206<br>Direcci\u00f3n: C\/ Gonzalo de Berceo s\/n Portal 11 Planta Baja Puerta B<br>Tel\u00e9fono: +34 609 40 61 34<br>Email de contacto:&nbsp;proteccion@baynana.es<\/p>\n\n\n\n<h4 class=\"wp-block-heading\">Datos personales que tratamos<\/h4>\n\n\n\n<p>Baynana recaba y trata la informaci\u00f3n que sus usuarios le facilitan (por ejemplo, al convertirse en socios, donantes o voluntarios de Baynana; al rellenar formularios en la p\u00e1gina web; o si se ponen en contacto con Baynana por cualquier motivo por ejemplo mediante el env\u00edo de correos electr\u00f3nicos). Salvo que se indique lo contrario en el momento de la recogida de los datos, toda la informaci\u00f3n solicitada a trav\u00e9s de la p\u00e1gina web ser\u00e1 necesaria y obligatoria para poder proporcionar a los usuarios los servicios, funcionalidades o informaci\u00f3n solicitada.<\/p>\n\n\n\n<p>Adem\u00e1s, utilizaremos cookies y dispositivos similares para obtener detalles de las visitas que los usuarios hacen a nuestra p\u00e1gina web, y tambi\u00e9n de los recursos a los que acceden a trav\u00e9s de la misma. Si deseas m\u00e1s informaci\u00f3n acerca de la forma en que Baynana utiliza este tipo de dispositivos, por favor, consulta nuestra&nbsp;<a href=\"https:\/\/baynana.es\/es\/politica-de-cookies\/\" target=\"_blank\" rel=\"noreferrer noopener nofollow\">Pol\u00edtica de Cookies<\/a>.<\/p>\n\n\n\n<p>Pedimos a nuestros usuarios que, siempre que nos proporcionen informaci\u00f3n personal a trav\u00e9s de la p\u00e1gina web, se aseguren de que dicha informaci\u00f3n es exacta, y que nos comuniquen a la mayor brevedad posible cualquier cambio producido con respecto a la misma, para evitar mantener informaci\u00f3n inexacta sobre ellos.<\/p>\n\n\n\n<h4 class=\"wp-block-heading\">Finalidades y bases legitimadoras aplicables para el tratamiento de datos personales<\/h4>\n\n\n\n<p>Baynana trata los datos personales de los usuarios para las finalidades y con las bases legitimadoras que se detallan a continuaci\u00f3n:<\/p>\n\n\n\n<ul class=\"wp-block-list\">\n<li>Para la ejecuci\u00f3n y gesti\u00f3n de nuestra relaci\u00f3n con los usuarios que sean donantes, suscriptores o voluntarios de Baynana (siendo la ejecuci\u00f3n de dicha relaci\u00f3n contractual la base legitimadora aplicable).<\/li>\n\n\n\n<li>Para la valoraci\u00f3n de las candidaturas de aquellos usuarios que participen en los procedimientos de selecci\u00f3n de personal de Baynana, siendo la base legitimadora aplicable nuestro inter\u00e9s leg\u00edtimo en realizar estos procesos.<\/li>\n\n\n\n<li>Para responder a las cuestiones o solicitudes planteadas a trav\u00e9s de correo electr\u00f3nico, correo postal, formularios u otros medios puestos a disposici\u00f3n de los usuarios a tales efectos, siendo la base legitimadora aplicable el consentimiento de tales usuarios.<\/li>\n\n\n\n<li>Para la anonimizaci\u00f3n de los datos personales que los usuarios nos env\u00eden cuando realicen los distintos test, estudios y\/o encuestas, siendo la base legitimadora aplicable nuestro inter\u00e9s leg\u00edtimo en garantizar la m\u00e1xima protecci\u00f3n y confidencialidad de los datos personales de los participantes en las mismas.<\/li>\n\n\n\n<li>Para gestionar y administrar cualquier cuesti\u00f3n adicional que pueda resultar necesaria, as\u00ed como para ponernos en contacto con los usuarios en relaci\u00f3n con su uso de la p\u00e1gina web, siendo la base legitimadora de dicho tratamiento nuestro inter\u00e9s leg\u00edtimo en optimizar el funcionamiento de la p\u00e1gina web y la experiencia de los usuarios en ella.<\/li>\n\n\n\n<li>Para presentar contenido e informaci\u00f3n en nuestra p\u00e1gina web de la forma m\u00e1s adecuada, tanto para los usuarios, como tambi\u00e9n para los equipos y dispositivos desde los que se conecten, siendo la base legitimadora aplicable nuestro inter\u00e9s leg\u00edtimo en optimizar la experiencia de los usuarios en nuestra p\u00e1gina web y mejorar el funcionamiento de la misma.<\/li>\n\n\n\n<li>Para remitir a los usuarios comunicaciones e informaci\u00f3n de la actividad de Baynana, en tanto que mantengan la condici\u00f3n de donantes, suscriptores o voluntario de Baynana. El env\u00edo de estas comunicaciones se basa en nuestro inter\u00e9s leg\u00edtimo en mantener a estos usuarios al tanto de tales actividades, como colaboradores nuestros que son.<\/li>\n\n\n\n<li>Para remitir a los usuarios comunicaciones e informaci\u00f3n de la actividad de Baynana cuando no hubiera establecido una relaci\u00f3n de las caracter\u00edsticas se\u00f1aladas en el p\u00e1rrafo anterior con Baynana, siempre que hayan prestado su consentimiento para ello (siendo dicho consentimiento la base legitimadora aplicable).<\/li>\n\n\n\n<li>En lo concerniente al uso de cookies y dispositivos similares, la base legitimadora del tratamiento de los datos personales de los usuarios ser\u00e1 nuestro inter\u00e9s leg\u00edtimo en optimizar la experiencia de los mismos en nuestra p\u00e1gina web y mejorar su funcionamiento, salvo en aquellos supuestos en los que el tratamiento de datos no tenga finalidades operacionales o administrativas en relaci\u00f3n con el funcionamiento de la p\u00e1gina web, en cuyo caso la base legitimadora del tratamiento ser\u00e1 el consentimiento de los usuarios. Se entender\u00e1 que consienten si aceptan el uso de cookies de la p\u00e1gina web de Baynana. Si deseas conocer m\u00e1s detalles acerca de la forma en que Baynana utiliza este tipo de dispositivos, por favor, consulta nuestra&nbsp;<a href=\"https:\/\/baynana.es\/politica-de-cookies\/\" target=\"_blank\" rel=\"noreferrer noopener\">Pol\u00edtica de Cookies<\/a>.<\/li>\n<\/ul>\n\n\n\n<p>En aquellos casos en los que la base legitimadora del tratamiento de los datos personales sea nuestro inter\u00e9s leg\u00edtimo, realizaremos un juicio de ponderaci\u00f3n con la finalidad de asegurarnos de que sobre dicho inter\u00e9s leg\u00edtimo no prevalezcan sus intereses, o sus derechos y libertades fundamentales que requieran la protecci\u00f3n de datos personales. Si deseas obtener la informaci\u00f3n relativa a este juicio de ponderaci\u00f3n, por favor, ponte en contacto con nosotros en protecciondatos@Baynana.org.<\/p>\n\n\n\n<p>En todos aquellos supuestos en los que el tratamiento de los datos personales de los usuarios se base en su consentimiento, su relaci\u00f3n con Baynana no estar\u00e1 supeditada de ning\u00fan modo a que presten dicho consentimiento para dichos tratamientos.<\/p>\n\n\n\n<h4 class=\"wp-block-heading\">Destinatarios de los datos personales<\/h4>\n\n\n\n<p>Baynana podr\u00e1 compartir los datos personales de los usuarios con terceros en las siguientes circunstancias:<\/p>\n\n\n\n<ul class=\"wp-block-list\">\n<li>Con las siguientes entidades: Banco Santander S.A. con la finalidad de formalizar las donaciones siendo las bases legitimadoras las siguientes:\n<ul class=\"wp-block-list\">\n<li>Para la ejecuci\u00f3n y gesti\u00f3n de nuestra relaci\u00f3n con los usuarios que sean donantes de Baynana (siendo la ejecuci\u00f3n de dicha relaci\u00f3n contractual la base legitimadora aplicable).<\/li>\n\n\n\n<li>Para remitir a los usuarios comunicaciones e informaci\u00f3n de la actividad de Baynana, en tanto que mantengan la condici\u00f3n de donantes de Baynana. El env\u00edo de estas comunicaciones se basa en nuestro inter\u00e9s leg\u00edtimo en mantener a estos usuarios al tanto de tales actividades, como colaboradores nuestros que son.<\/li>\n<\/ul>\n<\/li>\n<\/ul>\n\n\n\n<h4 class=\"wp-block-heading\">Derechos de los usuarios respecto al tratamiento de sus datos personales<\/h4>\n\n\n\n<p>Tienes derecho a que Baynana te confirme si se est\u00e1n tratando o no tus datos personales y, en su caso, a solicitar el acceso a los datos personales y a determinada informaci\u00f3n sobre el tratamiento (fines, categor\u00edas de datos tratados y destinatarios, entre otros aspectos) (<strong>derecho de acceso<\/strong>). Asimismo, tienes derecho a solicitar la rectificaci\u00f3n de los datos inexactos (<strong>derecho de rectificaci\u00f3n<\/strong>), as\u00ed como la supresi\u00f3n de los mismos cuando, entre otros motivos, \u00e9stos ya no sean necesarios para los fines para los que fueron recogidos (<strong>derecho de supresi\u00f3n<\/strong>). En determinadas circunstancias (por ejemplo, en caso de que impugnes la exactitud de tus datos, mientras se verifica la exactitud de los mismos), podr\u00e1s solicitar que se limite el tratamiento de tus datos personales, siendo estos \u00fanicamente tratados para el ejercicio o la defensa de reclamaciones (<strong>derecho a la limitaci\u00f3n del tratamiento<\/strong>). Finalmente, tienes derecho a revocar el consentimiento prestado en cualquier momento (<strong>derecho a la revocaci\u00f3n del consentimiento<\/strong>) y la posibilidad de ejercer tu derecho a la portabilidad de los datos, es decir, a recibir los datos personales en un formato estructurado, de uso com\u00fan y lectura mec\u00e1nica, y a transmitirlos a otro responsable del tratamiento sin que el responsable al que se los hubieras facilitado te lo impida, en los supuestos legalmente previstos a estos efectos (<strong>derecho a la portabilidad de los datos<\/strong>).<\/p>\n\n\n\n<p><strong>Asimismo, tienes derecho a oponerte al tratamiento de tus datos, en cualquier momento, por motivos relacionados con tu situaci\u00f3n particular, en caso de que el tratamiento est\u00e9 basado en el inter\u00e9s leg\u00edtimo de Baynana o de un tercero y, en particular, cuando tenga por objeto la realizaci\u00f3n de acciones de marketing directo. En este caso, Baynana pondr\u00e1 fin a dicho tratamiento, salvo acreditaci\u00f3n de motivos leg\u00edtimos para continuar con el mismo.<\/strong><\/p>\n\n\n\n<p>Cualquier usuario, en cualquier momento, puede ejercitar sus derechos completando el siguiente&nbsp;<a href=\"https:\/\/Baynana.org\/files\/formulario_ejercicio_derechos_datos.pdf\">formulario (PDF)<\/a>, y remiti\u00e9ndose al correo electronico &nbsp;protecciondatos@Baynana.org<\/p>\n\n\n\n<p>Igualmente, los usuarios podr\u00e1n presentar una reclamaci\u00f3n ante la Agencia Espa\u00f1ola de Protecci\u00f3n de Datos (C\/ Jorge Juan, 6 28021 Madrid) especialmente en caso de no obtener una respuesta satisfactoria en el ejercicio de sus derechos.<\/p>\n\n\n\n<p><strong>Conservaci\u00f3n de los datos personales<\/strong><\/p>\n\n\n\n<p>Conservaremos tus datos personales durante el tiempo que se mantenga tu relaci\u00f3n con Baynana en calidad de socio, donante o voluntario, y en tanto que no tengas esta condici\u00f3n, mientas desees recibir comunicaciones relacionadas con la actividad de Baynana, as\u00ed como durante el plazo que sea necesario para atender las dudas o consultas que nos hayas podido plantear. Transcurrido este periodo de tiempo, tus datos personales se conservar\u00e1n a efectos de defender nuestros derechos ante el ejercicio de acciones legales, durante el periodo de prescripci\u00f3n de las mismas.<\/p>\n","protected":false},"excerpt":{"rendered":"<p>Responsable de los datos BAYNANA ESPJNIF: E13744206Direcci\u00f3n: C\/ Gonzalo de Berceo s\/n Portal 11 Planta Baja Puerta BTel\u00e9fono: +34 609 40 61 34Email de contacto:&nbsp;proteccion@baynana.es Datos personales que tratamos Baynana recaba y trata la informaci\u00f3n que sus usuarios le facilitan (por ejemplo, al convertirse en socios, donantes o voluntarios de Baynana; al rellenar formularios en &hellip;<\/p>\n","protected":false},"author":2,"featured_media":0,"parent":0,"menu_order":0,"comment_status":"closed","ping_status":"closed","template":"","meta":{"inline_featured_image":false,"footnotes":""},"ppma_author":[503],"class_list":["post-1043","page","type-page","status-publish","hentry"],"acf":[],"yoast_head":"<!-- This site is optimized with the Yoast SEO plugin v25.3.1 - https:\/\/yoast.com\/wordpress\/plugins\/seo\/ -->\n<title>Pol\u00edtica de Privacidad - Baynana \u0628\u064a\u0646\u0646\u0627<\/title>\n<meta name=\"robots\" content=\"index, follow, max-snippet:-1, max-image-preview:large, max-video-preview:-1\" \/>\n<link rel=\"canonical\" href=\"https:\/\/baynana.es\/es\/politica-de-privacidad\/\" \/>\n<meta property=\"og:locale\" content=\"es_ES\" \/>\n<meta property=\"og:type\" content=\"article\" \/>\n<meta property=\"og:title\" content=\"Pol\u00edtica de Privacidad - Baynana \u0628\u064a\u0646\u0646\u0627\" \/>\n<meta property=\"og:description\" content=\"Responsable de los datos BAYNANA ESPJNIF: E13744206Direcci\u00f3n: C\/ Gonzalo de Berceo s\/n Portal 11 Planta Baja Puerta BTel\u00e9fono: +34 609 40 61 34Email de contacto:&nbsp;proteccion@baynana.es Datos personales que tratamos Baynana recaba y trata la informaci\u00f3n que sus usuarios le facilitan (por ejemplo, al convertirse en socios, donantes o voluntarios de Baynana; al rellenar formularios en &hellip;\" \/>\n<meta property=\"og:url\" content=\"https:\/\/baynana.es\/es\/politica-de-privacidad\/\" \/>\n<meta property=\"og:site_name\" content=\"Baynana \u0628\u064a\u0646\u0646\u0627\" \/>\n<meta property=\"article:publisher\" content=\"https:\/\/www.facebook.com\/baynanaes\" \/>\n<meta property=\"article:modified_time\" content=\"2023-11-09T09:55:10+00:00\" \/>\n<meta name=\"twitter:card\" content=\"summary_large_image\" \/>\n<meta name=\"twitter:site\" content=\"@baynanaes\" \/>\n<meta name=\"twitter:label1\" content=\"Tiempo de lectura\" \/>\n\t<meta name=\"twitter:data1\" content=\"7 minutos\" \/>\n<script type=\"application\/ld+json\" class=\"yoast-schema-graph\">{\"@context\":\"https:\/\/schema.org\",\"@graph\":[{\"@type\":\"WebPage\",\"@id\":\"https:\/\/baynana.es\/es\/politica-de-privacidad\/\",\"url\":\"https:\/\/baynana.es\/es\/politica-de-privacidad\/\",\"name\":\"Pol\u00edtica de Privacidad - Baynana \u0628\u064a\u0646\u0646\u0627\",\"isPartOf\":{\"@id\":\"https:\/\/baynana.es\/#website\"},\"datePublished\":\"2020-11-27T19:54:32+00:00\",\"dateModified\":\"2023-11-09T09:55:10+00:00\",\"breadcrumb\":{\"@id\":\"https:\/\/baynana.es\/es\/politica-de-privacidad\/#breadcrumb\"},\"inLanguage\":\"es\",\"potentialAction\":[{\"@type\":\"ReadAction\",\"target\":[\"https:\/\/baynana.es\/es\/politica-de-privacidad\/\"]}]},{\"@type\":\"BreadcrumbList\",\"@id\":\"https:\/\/baynana.es\/es\/politica-de-privacidad\/#breadcrumb\",\"itemListElement\":[{\"@type\":\"ListItem\",\"position\":1,\"name\":\"Portada\",\"item\":\"https:\/\/baynana.es\/es\/\"},{\"@type\":\"ListItem\",\"position\":2,\"name\":\"Pol\u00edtica de Privacidad\"}]},{\"@type\":\"WebSite\",\"@id\":\"https:\/\/baynana.es\/#website\",\"url\":\"https:\/\/baynana.es\/\",\"name\":\"Baynana \u0628\u064a\u0646\u0646\u0627\",\"description\":\"Baynana Revista \u0645\u062c\u0644\u0629 \u0628\u064a\u0646\u0646\u0627\",\"publisher\":{\"@id\":\"https:\/\/baynana.es\/#organization\"},\"potentialAction\":[{\"@type\":\"SearchAction\",\"target\":{\"@type\":\"EntryPoint\",\"urlTemplate\":\"https:\/\/baynana.es\/?s={search_term_string}\"},\"query-input\":{\"@type\":\"PropertyValueSpecification\",\"valueRequired\":true,\"valueName\":\"search_term_string\"}}],\"inLanguage\":\"es\"},{\"@type\":\"Organization\",\"@id\":\"https:\/\/baynana.es\/#organization\",\"name\":\"\u0628\u064a\u0646\u0646\u0627 Baynana\",\"url\":\"https:\/\/baynana.es\/\",\"logo\":{\"@type\":\"ImageObject\",\"inLanguage\":\"es\",\"@id\":\"https:\/\/baynana.es\/#\/schema\/logo\/image\/\",\"url\":\"https:\/\/baynana.es\/wp-content\/uploads\/2021\/03\/Artboard-1.png\",\"contentUrl\":\"https:\/\/baynana.es\/wp-content\/uploads\/2021\/03\/Artboard-1.png\",\"width\":315,\"height\":228,\"caption\":\"\u0628\u064a\u0646\u0646\u0627 Baynana\"},\"image\":{\"@id\":\"https:\/\/baynana.es\/#\/schema\/logo\/image\/\"},\"sameAs\":[\"https:\/\/www.facebook.com\/baynanaes\",\"https:\/\/x.com\/baynanaes\",\"https:\/\/www.instagram.com\/baynanaes\/\",\"https:\/\/www.linkedin.com\/in\/baynana-\u0628\u064a\u0646\u0646\u0627-887599211\/\",\"https:\/\/www.youtube.com\/channel\/UC3019bsq5wOpi61SOufKxPA\"]}]}<\/script>\n<!-- \/ Yoast SEO plugin. -->","yoast_head_json":{"title":"Pol\u00edtica de Privacidad - Baynana \u0628\u064a\u0646\u0646\u0627","robots":{"index":"index","follow":"follow","max-snippet":"max-snippet:-1","max-image-preview":"max-image-preview:large","max-video-preview":"max-video-preview:-1"},"canonical":"https:\/\/baynana.es\/es\/politica-de-privacidad\/","og_locale":"es_ES","og_type":"article","og_title":"Pol\u00edtica de Privacidad - Baynana \u0628\u064a\u0646\u0646\u0627","og_description":"Responsable de los datos BAYNANA ESPJNIF: E13744206Direcci\u00f3n: C\/ Gonzalo de Berceo s\/n Portal 11 Planta Baja Puerta BTel\u00e9fono: +34 609 40 61 34Email de contacto:&nbsp;proteccion@baynana.es Datos personales que tratamos Baynana recaba y trata la informaci\u00f3n que sus usuarios le facilitan (por ejemplo, al convertirse en socios, donantes o voluntarios de Baynana; al rellenar formularios en &hellip;","og_url":"https:\/\/baynana.es\/es\/politica-de-privacidad\/","og_site_name":"Baynana \u0628\u064a\u0646\u0646\u0627","article_publisher":"https:\/\/www.facebook.com\/baynanaes","article_modified_time":"2023-11-09T09:55:10+00:00","twitter_card":"summary_large_image","twitter_site":"@baynanaes","twitter_misc":{"Tiempo de lectura":"7 minutos"},"schema":{"@context":"https:\/\/schema.org","@graph":[{"@type":"WebPage","@id":"https:\/\/baynana.es\/es\/politica-de-privacidad\/","url":"https:\/\/baynana.es\/es\/politica-de-privacidad\/","name":"Pol\u00edtica de Privacidad - Baynana \u0628\u064a\u0646\u0646\u0627","isPartOf":{"@id":"https:\/\/baynana.es\/#website"},"datePublished":"2020-11-27T19:54:32+00:00","dateModified":"2023-11-09T09:55:10+00:00","breadcrumb":{"@id":"https:\/\/baynana.es\/es\/politica-de-privacidad\/#breadcrumb"},"inLanguage":"es","potentialAction":[{"@type":"ReadAction","target":["https:\/\/baynana.es\/es\/politica-de-privacidad\/"]}]},{"@type":"BreadcrumbList","@id":"https:\/\/baynana.es\/es\/politica-de-privacidad\/#breadcrumb","itemListElement":[{"@type":"ListItem","position":1,"name":"Portada","item":"https:\/\/baynana.es\/es\/"},{"@type":"ListItem","position":2,"name":"Pol\u00edtica de Privacidad"}]},{"@type":"WebSite","@id":"https:\/\/baynana.es\/#website","url":"https:\/\/baynana.es\/","name":"Baynana \u0628\u064a\u0646\u0646\u0627","description":"Baynana Revista \u0645\u062c\u0644\u0629 \u0628\u064a\u0646\u0646\u0627","publisher":{"@id":"https:\/\/baynana.es\/#organization"},"potentialAction":[{"@type":"SearchAction","target":{"@type":"EntryPoint","urlTemplate":"https:\/\/baynana.es\/?s={search_term_string}"},"query-input":{"@type":"PropertyValueSpecification","valueRequired":true,"valueName":"search_term_string"}}],"inLanguage":"es"},{"@type":"Organization","@id":"https:\/\/baynana.es\/#organization","name":"\u0628\u064a\u0646\u0646\u0627 Baynana","url":"https:\/\/baynana.es\/","logo":{"@type":"ImageObject","inLanguage":"es","@id":"https:\/\/baynana.es\/#\/schema\/logo\/image\/","url":"https:\/\/baynana.es\/wp-content\/uploads\/2021\/03\/Artboard-1.png","contentUrl":"https:\/\/baynana.es\/wp-content\/uploads\/2021\/03\/Artboard-1.png","width":315,"height":228,"caption":"\u0628\u064a\u0646\u0646\u0627 Baynana"},"image":{"@id":"https:\/\/baynana.es\/#\/schema\/logo\/image\/"},"sameAs":["https:\/\/www.facebook.com\/baynanaes","https:\/\/x.com\/baynanaes","https:\/\/www.instagram.com\/baynanaes\/","https:\/\/www.linkedin.com\/in\/baynana-\u0628\u064a\u0646\u0646\u0627-887599211\/","https:\/\/www.youtube.com\/channel\/UC3019bsq5wOpi61SOufKxPA"]}]}},"_links":{"self":[{"href":"https:\/\/baynana.es\/es\/wp-json\/wp\/v2\/pages\/1043","targetHints":{"allow":["GET"]}}],"collection":[{"href":"https:\/\/baynana.es\/es\/wp-json\/wp\/v2\/pages"}],"about":[{"href":"https:\/\/baynana.es\/es\/wp-json\/wp\/v2\/types\/page"}],"author":[{"embeddable":true,"href":"https:\/\/baynana.es\/es\/wp-json\/wp\/v2\/users\/2"}],"replies":[{"embeddable":true,"href":"https:\/\/baynana.es\/es\/wp-json\/wp\/v2\/comments?post=1043"}],"version-history":[{"count":5,"href":"https:\/\/baynana.es\/es\/wp-json\/wp\/v2\/pages\/1043\/revisions"}],"predecessor-version":[{"id":7869,"href":"https:\/\/baynana.es\/es\/wp-json\/wp\/v2\/pages\/1043\/revisions\/7869"}],"wp:attachment":[{"href":"https:\/\/baynana.es\/es\/wp-json\/wp\/v2\/media?parent=1043"}],"wp:term":[{"taxonomy":"author","embeddable":true,"href":"https:\/\/baynana.es\/es\/wp-json\/wp\/v2\/ppma_author?post=1043"}],"curies":[{"name":"wp","href":"https:\/\/api.w.org\/{rel}","templated":true}]}}