{"id":1422,"date":"2021-01-23T16:38:08","date_gmt":"2021-01-23T15:38:08","guid":{"rendered":"https:\/\/baynana.es\/?page_id=1422"},"modified":"2023-04-17T02:21:00","modified_gmt":"2023-04-17T00:21:00","slug":"quienes-somos","status":"publish","type":"page","link":"https:\/\/baynana.es\/es\/quienes-somos\/","title":{"rendered":"QUI\u00c9NES SOMOS"},"content":{"rendered":"\n<p>Baynana es un medio online biling\u00fce -en \u00e1rabe y espa\u00f1ol- que apuesta por el periodismo social y de servicio p\u00fablico. Nuestra revista aspira a ofrecer informaci\u00f3n de utilidad a la comunidad arab\u00f3fona en Espa\u00f1a y, al mismo tiempo, tender puentes entre las personas migrantes, refugiadas y espa\u00f1olas de origen extranjero, y el resto de la poblaci\u00f3n. Baynana significa \u201cEntre nosotros\u201d en el sentido m\u00e1s amplio de la palabra: \u2018nosotros\u2019 somos &#8216;todos&#8217;, no hay un &#8216;otros&#8217; o &#8216;ellos&#8217;.<\/p>\n<p>Baynana fue creada en colaboraci\u00f3n con la Fundaci\u00f3n por Causa y forma parte integral de su red de proyectos e iniciativas. <a href=\"https:\/\/baynana.es\/es\/en-prensa\/\">As\u00ed<\/a> han contado nuestro proyecto otros medios.<\/p>\n<h2 class=\"quienes\">Misi\u00f3n<\/h2>\n<ul>\n<li>Ofrecer informaci\u00f3n \u00fatil y de calidad a la comunidad \u00e1rabo-parlante en Espa\u00f1a.<\/li>\n<li>Mostrar distintos puntos de vista sobre la realidad de personas refugiadas, migradas e integrantes de la comunidad \u00e1rabe (aunque no exclusivamente \u00e1rabe) en Espa\u00f1a.<\/li>\n<li>Combatir los estereotipos existentes sobre el mundo \u00e1rabe en la sociedad espa\u00f1ola.<\/li>\n<li>Tender puentes entre la comunidad \u00e1rabe y Espa\u00f1a para acercar a los distintos sectores de la sociedad, enfatizando nuestra cultura e historia en com\u00fan.<\/li>\n<\/ul>\n<h2 class=\"quienes\">Nuestro equipo<\/h2>\n<div class=\"equipo\">\n<div class=\"item\"><img decoding=\"async\" src=\"https:\/\/baynana.es\/wp-content\/uploads\/2021\/01\/ayhamm.jpg\">\n<div class=\"contenido\"><strong>Ayham Al-Sati<\/strong> <em>Redactor \/ Editor<\/em>\n<div class=\"redes\">@ayham_greeb<\/div>\n<p>Estudi\u00f3 Literatura \u00c1rabe en la Universidad de Damasco. Desde el inicio de la guerra en Siria, ha trabajado como reportero y tambi\u00e9n en el sector educativo con varias organizaciones humanitarias. Vive en Espa\u00f1a desde mediados de 2019, donde es profesor de \u00e1rabe, y periodista y editor en Baynana.<\/p>\n<\/div>\n<\/div>\n<div class=\"item\"><img decoding=\"async\" src=\"https:\/\/baynana.es\/wp-content\/uploads\/2021\/11\/MOSA.png\">\n<div class=\"contenido\"><strong>Moussa al Jamaat<\/strong> <em>Redactor \/ Fot\u00f3grafo \/ Web<\/em>\n<div class=\"redes\">@Moussa53177621<\/div>\n<p>Periodista sirio residente en Madrid desde 2019. Empez\u00f3 a estudiar Inform\u00e1tica en la Universidad de Damasco (campus de Daraa), pero abandon\u00f3 sus estudios por la erupci\u00f3n del conflicto en Siria. Entre 2011 y 2019 trabaj\u00f3 como reportero y fot\u00f3grafo para agencias de noticias locales. Ahora trabaja como reportero, fot\u00f3grafo y se encarga de la web de Baynana.<\/p>\n<\/div>\n<\/div>\n<div class=\"item\"><img decoding=\"async\" src=\"https:\/\/baynana.es\/wp-content\/uploads\/2021\/01\/okba.jpg\">\n<div class=\"contenido\"><strong>Okba Mohamed<\/strong> <em>Redactor \/ Fot\u00f3grafo \/ Vide\u00f3grafo<\/em>\n<div class=\"redes\">@OkbaMohamad<\/div>\n<p>Cubri\u00f3 la guerra en el sur de Siria de 2015 a 2018 con medios locales. Tambi\u00e9n se ha dedicado a documentar violaciones de derechos humanos de detenidos durante el conflicto. En 2019 trabaj\u00f3 como corresponsal independiente en Turqu\u00eda y posteriormente viaj\u00f3 a Espa\u00f1a, donde ha colaborado con medios como Global Voices y el diario P\u00fablico. Actualmente trabaja como reportero en Baynana<\/p>\n<\/div>\n<\/div>\n<div class=\"item\"><img decoding=\"async\" src=\"https:\/\/baynana.es\/wp-content\/uploads\/2021\/11\/MOHA1.png\">\n<div class=\"contenido\"><strong>Muhammad Subat<\/strong> <em>Redactor \/ Fot\u00f3grafo \/ Vide\u00f3grafo<\/em>\n<div class=\"redes\">@mohammed_shobat<\/div>\n<p>Periodista especializado en conflicto b\u00e9lico y en asuntos sociales y pol\u00edticos de Siria y Oriente Medio, con m\u00e1s de 5 a\u00f1os de experiencia en medios de comunicaci\u00f3n, como Syria TV. Como persona refugiada y migrante, actualmente desarrolla su trabajo profesional en el periodismo sobre migraciones, refugiados, desigualdades y justicia social.<\/p>\n<\/div>\n<\/div>\n<div class=\"item\"><img decoding=\"async\" src=\"https:\/\/baynana.es\/wp-content\/uploads\/2021\/10\/Elvira-web.png\">\n<div class=\"contenido\"><strong>Elvira Delgado<\/strong> <em>Periodista\/Vide\u00f3grafa<\/em>\n<div class=\"redes\">@ElviraDelgadoG<\/div>\n<p>Doble grado en Periodismo y Comunicaci\u00f3n Audiovisual.3 a\u00f1os de experiencia en televisi\u00f3n como realizadora (Mediaset).Periodista freelance sobre temas sociales y humanitarios. Art\u00edculos publicados en Planeta Futuro y La Voz de los ODS (UNRWA). Experiencia en el terreno en Bosnia: reportajes sobre los migrantes que recorren la Ruta de los Balcanes. Colabora con Baynana.<\/p>\n<\/div>\n<\/div>\n<div class=\"item\"><img decoding=\"async\" src=\"https:\/\/baynana.es\/wp-content\/uploads\/2021\/10\/Gaby-web.png\">\n<div class=\"contenido\"><strong>Gabriel Mesones Rojo<\/strong> <em>Periodista\/Editora<\/em>\n<div class=\"redes\">@unamujerdecente<\/div>\n<p>Periodista independiente venezolana en Madrid. Se especializa en temas de g\u00e9nero y c\u00f3mo la emergencia humanitaria en Venezuela ha afectado a las poblaciones en situaci\u00f3n de vulnerabilidad. Es coordinadora editorial de Caracas Chronicles y Cinco8. Escribe acerca de derechos humanos, derechos sexuales y reproductivos y comunidades g\u00e9nero y sexo diversas. Colabora con Baynana.<\/p>\n<\/div>\n<\/div>\n<div class=\"item\"><img decoding=\"async\" src=\"https:\/\/baynana.es\/wp-content\/uploads\/2021\/10\/laura-web.png\">\n<div class=\"contenido\"><strong>Laura Cerrolaza<\/strong> <em>profesora\/Correctora<\/em>\n<div class=\"redes\">@l.cerrolaza<\/div>\n<p>Mas de 15 a\u00f1os de experiencia como profesora de espa\u00f1ol,. Es licenciada en Filolog\u00eda Hisp\u00e1nica y durante los \u00faltimos 5 a\u00f1os ha trabajado en diferentes centros de acogida e integraci\u00f3n a personas refugiadas, alfabetizando a los perfiles m\u00e1s vulnerables. Adem\u00e1s, ha formado parte de diversos. Actualmente es miembro activo de la Asociaci\u00f3n Abriendo Fronteras. Colabora con Baynana.<\/p>\n<\/div>\n<\/div>\n<div class=\"item\"><img decoding=\"async\" src=\"https:\/\/baynana.es\/wp-content\/uploads\/2021\/10\/anna-web.png\">\n<div class=\"contenido\"><strong>Anna Clop\u00e9s<\/strong> <em>Redactora\/Correctora<\/em>\n<div class=\"redes\">@anna_clopes<\/div>\n<p>Estudiante de Filosof\u00eda, Pol\u00edtica y Econom\u00eda (UAM-UC3M) y de Estudios Ingleses (UNED). Colaboro con Baynana en temas de gesti\u00f3n de redes sociales, investigaci\u00f3n, redacci\u00f3n y correcci\u00f3n.<\/p>\n<\/div>\n<\/div>\n<div class=\"item\"><img decoding=\"async\" src=\"https:\/\/baynana.es\/wp-content\/uploads\/2021\/10\/Recardo-web.png\">\n<div class=\"contenido\"><strong>Ricardo P\u00e9rez-Solero<\/strong> <em>Periodista\/Fot\u00f3grafo<\/em>\n<div class=\"redes\">@RPerezSolero<\/div>\n<p>Periodista multimedia con experiencia como corresponsal para la agencia Efe en Asia. Ha realizado reportajes escritos o audiovisuales para The Guardian, Al Jazeera, The Diplomat, DW News o South China Morning Post. Apasionado del mundo \u00e1rabe y de los puentes que lo hermanan con Europa. Colabora con Baynana en temas de estrategia de crecimiento digital.<\/p>\n<\/div>\n<\/div>\n<div class=\"item\">\n<img decoding=\"async\" src=\"https:\/\/baynana.es\/wp-content\/uploads\/2022\/06\/IMG_\u0662\u0660\u0662\u0662\u0660\u0666\u0662\u0663_\u0661\u0667\u0664\u0663\u0662\u0667-e1655999925704.jpg\">\n<div class=\"contenido\"><strong>Celia Garcia Vidal<\/strong> <em>Periodista\/Fot\u00f3grafa<\/em>\n<div class=\"redes\">@moca.ra<\/div>\n<p>Colaboradora en Baynana. Reportera en &#8216;Por tres razones&#8217; de Radio Nacional de Espa\u00f1a. &#8217;12 Millas&#8217;: secci\u00f3n especializada en historias de personas migradas. Antes en boletines informativos, \u00e1rea de internacional, Artesfera y El gallo que no cesa. Fotoreportera voluntaria en el acompa\u00f1amiento de la ONG CANAT a mujeres norte\u00f1as en Piura, Per\u00fa. Formaci\u00f3n en el \u00c1rea de Cooperaci\u00f3n Internacional de la UVa, colaboraciones en g\u00e9nero con UMOYA y relatora para AiPaz en II Foro Mundial Contra Violencias Urbanas. Jefa de equipo de captaci\u00f3n de fondos en calle con ACNUR. Monitora de ocio y tiempo libre durante 9 a\u00f1os y monitora voluntaria en el proyecto Ca\u00f1ada Viva con menores no acompa\u00f1ados en Melilla. Tambi\u00e9n ha trabajado en hosteler\u00eda varios a\u00f1os..<\/p>\n<\/div>\n<\/div>\n<div class=\"item\">\n<img decoding=\"async\" src=\"https:\/\/baynana.es\/wp-content\/uploads\/2022\/07\/hanadi1.png\">\n<div class=\"contenido\"><strong>Hanadi Sonouper<\/strong> <em>profesora\/Correctora\/Traductora<\/em>\n<div class=\"redes\">@hsonouper<\/div>\n<p>Estudi\u00f3 Estudios Internacionales y Globales con una concentraci\u00f3n en ciencias pol\u00edticas, historia del Medio Oriente, ling\u00fc\u00edstica y antropolog\u00eda en la Universidad de St. Mary en San Antonio, Texas. Ha trabajado en organizaciones sin fines de lucro relacionadas con asuntos globales y educaci\u00f3n; espec\u00edficamente trabajando en la recaudaci\u00f3n de fondos, la ense\u00f1anza y la tutor\u00eda de estudiantes en comunidades privadas de derechos que carecen de acceso a recursos y oportunidades. Su objetivo principal es continuar siendo una defensora de las minor\u00edas y los refugiados en todos los aspectos de la diversidad, la equidad, la justicia y la educaci\u00f3n. Vive en Espa\u00f1a desde 2021, donde es profesora de ingl\u00e9s para alumnos de primaria. Colabora con Baynana.<\/p>\n<\/div>\n<\/div>\n<div class=\"item\">\n<img decoding=\"async\" src=\"https:\/\/baynana.es\/wp-content\/uploads\/2022\/12\/Laila-Muharram-2.png\">\n<div class=\"contenido\"><strong>Laila Muharam<\/strong> \n<em>Periodista\/Editora<\/em>\n<div class=\"redes\">@Laila_Mu<\/div>\n<p>Periodista aut\u00f3noma residente en Madrid. M\u00e1ster Universitario en Edici\u00f3n, Producci\u00f3n y Nuevas Tecnolog\u00edas Period\u00edsticas y en Relaciones Internacionales y Diplomacia. Durante cinco a\u00f1os trabaj\u00f3 en Jordania como freelance para diferentes medios de comunicaci\u00f3n espa\u00f1oles cubriendo el conflicto en Siria y la crisis de refugiados. Especializada en comunicaci\u00f3n social, ha trabajado en varias organizaciones no gubernamentales. Colabora con Baynana.\n<\/p>\n<\/div>\n<\/div>\n<div class=\"item\">\n<img decoding=\"async\" src=\"https:\/\/baynana.es\/wp-content\/uploads\/2023\/03\/angela.jpeg\">\n<div class=\"contenido\"><strong>\u00c1ngela Rodr\u00edguez<\/strong> \n<em>Periodista\/Proyectos Period\u00edsticos<\/em>\n<div class=\"redes\">@AngelaRouie<\/div>\n<p>Trece a\u00f1os de experiencia en periodismo, comunicaci\u00f3n y en gesti\u00f3n de proyectos period\u00edsticos a nivel europeo en medios, organizaciones de periodismo sin \u00e1nimo de lucro y organizaciones humanitarias. Dej\u00f3 su Galicia natal en 2012 para trabajar para EFE, Thomson Reuters, la Comisi\u00f3n Europea y m\u00e1s recientemente en el European Journalism Centre como Responsable del Proyecto: \u201cThe News Impact Summits\u201d desde 2020 a 2022. En el a\u00f1o 2021 se lanz\u00f3 junto con el experto en comunicaciones y anterior periodista de la BBC, Jos\u00e9 Baig en el mundo del podcast, y produjeron dos temporadas de \u201cUn P\u00f3dcast De Caca\u201d.  \u00c1ngela ha sentido desde muy peque\u00f1a una conexi\u00f3n muy profunda con Oriente Medio, lo que la llev\u00f3 a estudiar periodismo y fotograf\u00eda, y a cubrir estos temas en sus reportajes. Desde Diciembre de 2022 forma parte de la ONG estadounidense, Anera, como Embajadora Social. Colabora con Baynana.\n<\/p>\n<\/div>\n<\/div>\n<div class=\"item\">\n<img decoding=\"async\" src=\"https:\/\/baynana.es\/wp-content\/uploads\/2023\/03\/Emad-Al-Basiri.jpeg\">\n<div class=\"contenido\"><strong>Emad Al Basiri<\/strong> \n<em>Periodista\/Fotogr\u00e1fo<\/em>\n<div class=\"redes\">@EmadAlbasiri<\/div>\n<p>Periodista sirio del sur de Siria, residente actualmente en el norte de Alepo. Trabaj\u00f3 como periodista desde 2012 cubriendo aspectos humanitarios. Trabaj\u00f3 con muchos canales de televisi\u00f3n y medios locales en Siria. Recientemente, colabor\u00f3 \u200b\u200bcomo fot\u00f3grafo con peri\u00f3dicos espa\u00f1oles como El Pa\u00eds, El Diario y 5W. Colabora con Baynana.\n<\/p>\n<\/div>\n<\/div>\n<div class=\"item\">\n<img decoding=\"async\" src=\"https:\/\/baynana.es\/wp-content\/uploads\/2023\/04\/Khadija-Amin.jpg\">\n<div class=\"contenido\"><strong>Khadija Amin<\/strong> \n<em>Periodista<\/em>\n<div class=\"redes\">@khadija51922579<\/div>\n<p>Periodista afgana.  Ha trabajado con diferentes medios durante cuatro a\u00f1os en Afganist\u00e1n.  Y mi \u00faltimo trabajo en Afganist\u00e1n fue con la Televisi\u00f3n Nacional de Afganist\u00e1n.  Despu\u00e9s del cambio de r\u00e9gimen en Afganist\u00e1n, tuvo que dejar su pa\u00eds.  Vino a Espa\u00f1a con un periodista espa\u00f1ol.  Aqu\u00ed trabaja con el diario espa\u00f1ol 20 Minutos.  Adem\u00e1s de ser periodista, es una de las activistas por los derechos de las mujeres. Quiere ser una voz por los derechos de las mujeres afganas cuyas voces no se escuchan hoy.  Lucha junto con las mujeres afganas por nuestros derechos. Colabora con Baynana.\n<\/p>\n<\/div>\n<\/div>\n<div class=\"item\">\n<img decoding=\"async\" src=\"https:\/\/baynana.es\/wp-content\/uploads\/2023\/03\/081A9937.jpg\">\n<div class=\"contenido\"><strong>Mohammad Al Ahmad<\/strong> \n<em>Periodista\/Fotogr\u00e1fo<\/em>\n<div class=\"redes\">@mouhmadalahmad<\/div>\n<p>Mohammad Al-Ahmad, periodista sirio que cubre los eventos de la revoluci\u00f3n siria en el noroeste de Siria desde 2013. Document\u00f3 muchos de los conflictos que tuvieron lugar en esta regi\u00f3n y sus violaciones a los derechos humanos. Tambi\u00e9n particip\u00f3 en muchas coberturas de los medios que documentaron el trabajo humanitario brindado por las organizaciones internacionales al pueblo sirio. En 2023, empez\u00f3 a colaborar como corresponsal de campo para Baynana desde el interior de Siria. Colabora con Baynana.\n<\/p>\n<\/div>\n<\/div>\n<\/div>\n<p>Baynana es un medio con esp\u00edritu de servicio p\u00fablico y sus puertas est\u00e1n abiertas: \u00bfQuieres colaborar de alguna forma? \u00bfTienes sugerencias para que mejoremos nuestro trabajo? Escr\u00edbenos a: contacto@baynana.es<\/p>\n","protected":false},"excerpt":{"rendered":"<p>Baynana es un medio online biling\u00fce -en \u00e1rabe y espa\u00f1ol- que apuesta por el periodismo social y de servicio p\u00fablico. Nuestra revista aspira a ofrecer informaci\u00f3n de utilidad a la comunidad arab\u00f3fona en Espa\u00f1a y, al mismo tiempo, tender puentes entre las personas migrantes, refugiadas y espa\u00f1olas de origen extranjero, y el resto de la &hellip;<\/p>\n","protected":false},"author":1,"featured_media":4552,"parent":0,"menu_order":0,"comment_status":"closed","ping_status":"closed","template":"","meta":{"inline_featured_image":false,"footnotes":""},"ppma_author":[504],"class_list":["post-1422","page","type-page","status-publish","has-post-thumbnail","hentry"],"acf":[],"yoast_head":"<!-- This site is optimized with the Yoast SEO plugin v25.3.1 - https:\/\/yoast.com\/wordpress\/plugins\/seo\/ -->\n<title>Qui\u00e9nes Somos<\/title>\n<meta name=\"description\" content=\"Baynana es un medio online biling\u00fce -en \u00e1rabe y espa\u00f1ol- que apuesta por el periodismo social y de servicio p\u00fablico. Conoce a nuestro equipo.\" \/>\n<meta name=\"robots\" content=\"index, follow, max-snippet:-1, max-image-preview:large, max-video-preview:-1\" \/>\n<link rel=\"canonical\" href=\"https:\/\/baynana.es\/es\/quienes-somos\/\" \/>\n<meta property=\"og:locale\" content=\"es_ES\" \/>\n<meta property=\"og:type\" content=\"article\" \/>\n<meta property=\"og:title\" content=\"Qui\u00e9nes Somos\" \/>\n<meta property=\"og:description\" content=\"Baynana es un medio online biling\u00fce -en \u00e1rabe y espa\u00f1ol- que apuesta por el periodismo social y de servicio p\u00fablico. Conoce a nuestro equipo.\" \/>\n<meta property=\"og:url\" content=\"https:\/\/baynana.es\/es\/quienes-somos\/\" \/>\n<meta property=\"og:site_name\" content=\"Baynana \u0628\u064a\u0646\u0646\u0627\" \/>\n<meta property=\"article:publisher\" content=\"https:\/\/www.facebook.com\/baynanaes\" \/>\n<meta property=\"article:modified_time\" content=\"2023-04-17T00:21:00+00:00\" \/>\n<meta property=\"og:image\" content=\"https:\/\/baynana.es\/wp-content\/uploads\/2022\/02\/logo-baynana.png\" \/>\n\t<meta property=\"og:image:width\" content=\"120\" \/>\n\t<meta property=\"og:image:height\" content=\"87\" \/>\n\t<meta property=\"og:image:type\" content=\"image\/png\" \/>\n<meta name=\"twitter:card\" content=\"summary_large_image\" \/>\n<meta name=\"twitter:site\" content=\"@baynanaes\" \/>\n<meta name=\"twitter:label1\" content=\"Tiempo de lectura\" \/>\n\t<meta name=\"twitter:data1\" content=\"13 minutos\" \/>\n<script type=\"application\/ld+json\" class=\"yoast-schema-graph\">{\"@context\":\"https:\/\/schema.org\",\"@graph\":[{\"@type\":\"WebPage\",\"@id\":\"https:\/\/baynana.es\/es\/quienes-somos\/\",\"url\":\"https:\/\/baynana.es\/es\/quienes-somos\/\",\"name\":\"Qui\u00e9nes Somos\",\"isPartOf\":{\"@id\":\"https:\/\/baynana.es\/#website\"},\"primaryImageOfPage\":{\"@id\":\"https:\/\/baynana.es\/es\/quienes-somos\/#primaryimage\"},\"image\":{\"@id\":\"https:\/\/baynana.es\/es\/quienes-somos\/#primaryimage\"},\"thumbnailUrl\":\"https:\/\/baynana.es\/wp-content\/uploads\/2022\/02\/logo-baynana.png\",\"datePublished\":\"2021-01-23T15:38:08+00:00\",\"dateModified\":\"2023-04-17T00:21:00+00:00\",\"description\":\"Baynana es un medio online biling\u00fce -en \u00e1rabe y espa\u00f1ol- que apuesta por el periodismo social y de servicio p\u00fablico. Conoce a nuestro equipo.\",\"breadcrumb\":{\"@id\":\"https:\/\/baynana.es\/es\/quienes-somos\/#breadcrumb\"},\"inLanguage\":\"es\",\"potentialAction\":[{\"@type\":\"ReadAction\",\"target\":[\"https:\/\/baynana.es\/es\/quienes-somos\/\"]}]},{\"@type\":\"ImageObject\",\"inLanguage\":\"es\",\"@id\":\"https:\/\/baynana.es\/es\/quienes-somos\/#primaryimage\",\"url\":\"https:\/\/baynana.es\/wp-content\/uploads\/2022\/02\/logo-baynana.png\",\"contentUrl\":\"https:\/\/baynana.es\/wp-content\/uploads\/2022\/02\/logo-baynana.png\",\"width\":120,\"height\":87,\"caption\":\"Baynana logo\"},{\"@type\":\"BreadcrumbList\",\"@id\":\"https:\/\/baynana.es\/es\/quienes-somos\/#breadcrumb\",\"itemListElement\":[{\"@type\":\"ListItem\",\"position\":1,\"name\":\"Portada\",\"item\":\"https:\/\/baynana.es\/es\/\"},{\"@type\":\"ListItem\",\"position\":2,\"name\":\"QUI\u00c9NES SOMOS\"}]},{\"@type\":\"WebSite\",\"@id\":\"https:\/\/baynana.es\/#website\",\"url\":\"https:\/\/baynana.es\/\",\"name\":\"Baynana \u0628\u064a\u0646\u0646\u0627\",\"description\":\"Baynana Revista \u0645\u062c\u0644\u0629 \u0628\u064a\u0646\u0646\u0627\",\"publisher\":{\"@id\":\"https:\/\/baynana.es\/#organization\"},\"potentialAction\":[{\"@type\":\"SearchAction\",\"target\":{\"@type\":\"EntryPoint\",\"urlTemplate\":\"https:\/\/baynana.es\/?s={search_term_string}\"},\"query-input\":{\"@type\":\"PropertyValueSpecification\",\"valueRequired\":true,\"valueName\":\"search_term_string\"}}],\"inLanguage\":\"es\"},{\"@type\":\"Organization\",\"@id\":\"https:\/\/baynana.es\/#organization\",\"name\":\"\u0628\u064a\u0646\u0646\u0627 Baynana\",\"url\":\"https:\/\/baynana.es\/\",\"logo\":{\"@type\":\"ImageObject\",\"inLanguage\":\"es\",\"@id\":\"https:\/\/baynana.es\/#\/schema\/logo\/image\/\",\"url\":\"https:\/\/baynana.es\/wp-content\/uploads\/2021\/03\/Artboard-1.png\",\"contentUrl\":\"https:\/\/baynana.es\/wp-content\/uploads\/2021\/03\/Artboard-1.png\",\"width\":315,\"height\":228,\"caption\":\"\u0628\u064a\u0646\u0646\u0627 Baynana\"},\"image\":{\"@id\":\"https:\/\/baynana.es\/#\/schema\/logo\/image\/\"},\"sameAs\":[\"https:\/\/www.facebook.com\/baynanaes\",\"https:\/\/x.com\/baynanaes\",\"https:\/\/www.instagram.com\/baynanaes\/\",\"https:\/\/www.linkedin.com\/in\/baynana-\u0628\u064a\u0646\u0646\u0627-887599211\/\",\"https:\/\/www.youtube.com\/channel\/UC3019bsq5wOpi61SOufKxPA\"]}]}<\/script>\n<!-- \/ Yoast SEO plugin. -->","yoast_head_json":{"title":"Qui\u00e9nes Somos","description":"Baynana es un medio online biling\u00fce -en \u00e1rabe y espa\u00f1ol- que apuesta por el periodismo social y de servicio p\u00fablico. Conoce a nuestro equipo.","robots":{"index":"index","follow":"follow","max-snippet":"max-snippet:-1","max-image-preview":"max-image-preview:large","max-video-preview":"max-video-preview:-1"},"canonical":"https:\/\/baynana.es\/es\/quienes-somos\/","og_locale":"es_ES","og_type":"article","og_title":"Qui\u00e9nes Somos","og_description":"Baynana es un medio online biling\u00fce -en \u00e1rabe y espa\u00f1ol- que apuesta por el periodismo social y de servicio p\u00fablico. Conoce a nuestro equipo.","og_url":"https:\/\/baynana.es\/es\/quienes-somos\/","og_site_name":"Baynana \u0628\u064a\u0646\u0646\u0627","article_publisher":"https:\/\/www.facebook.com\/baynanaes","article_modified_time":"2023-04-17T00:21:00+00:00","og_image":[{"width":120,"height":87,"url":"https:\/\/baynana.es\/wp-content\/uploads\/2022\/02\/logo-baynana.png","type":"image\/png"}],"twitter_card":"summary_large_image","twitter_site":"@baynanaes","twitter_misc":{"Tiempo de lectura":"13 minutos"},"schema":{"@context":"https:\/\/schema.org","@graph":[{"@type":"WebPage","@id":"https:\/\/baynana.es\/es\/quienes-somos\/","url":"https:\/\/baynana.es\/es\/quienes-somos\/","name":"Qui\u00e9nes Somos","isPartOf":{"@id":"https:\/\/baynana.es\/#website"},"primaryImageOfPage":{"@id":"https:\/\/baynana.es\/es\/quienes-somos\/#primaryimage"},"image":{"@id":"https:\/\/baynana.es\/es\/quienes-somos\/#primaryimage"},"thumbnailUrl":"https:\/\/baynana.es\/wp-content\/uploads\/2022\/02\/logo-baynana.png","datePublished":"2021-01-23T15:38:08+00:00","dateModified":"2023-04-17T00:21:00+00:00","description":"Baynana es un medio online biling\u00fce -en \u00e1rabe y espa\u00f1ol- que apuesta por el periodismo social y de servicio p\u00fablico. Conoce a nuestro equipo.","breadcrumb":{"@id":"https:\/\/baynana.es\/es\/quienes-somos\/#breadcrumb"},"inLanguage":"es","potentialAction":[{"@type":"ReadAction","target":["https:\/\/baynana.es\/es\/quienes-somos\/"]}]},{"@type":"ImageObject","inLanguage":"es","@id":"https:\/\/baynana.es\/es\/quienes-somos\/#primaryimage","url":"https:\/\/baynana.es\/wp-content\/uploads\/2022\/02\/logo-baynana.png","contentUrl":"https:\/\/baynana.es\/wp-content\/uploads\/2022\/02\/logo-baynana.png","width":120,"height":87,"caption":"Baynana logo"},{"@type":"BreadcrumbList","@id":"https:\/\/baynana.es\/es\/quienes-somos\/#breadcrumb","itemListElement":[{"@type":"ListItem","position":1,"name":"Portada","item":"https:\/\/baynana.es\/es\/"},{"@type":"ListItem","position":2,"name":"QUI\u00c9NES SOMOS"}]},{"@type":"WebSite","@id":"https:\/\/baynana.es\/#website","url":"https:\/\/baynana.es\/","name":"Baynana \u0628\u064a\u0646\u0646\u0627","description":"Baynana Revista \u0645\u062c\u0644\u0629 \u0628\u064a\u0646\u0646\u0627","publisher":{"@id":"https:\/\/baynana.es\/#organization"},"potentialAction":[{"@type":"SearchAction","target":{"@type":"EntryPoint","urlTemplate":"https:\/\/baynana.es\/?s={search_term_string}"},"query-input":{"@type":"PropertyValueSpecification","valueRequired":true,"valueName":"search_term_string"}}],"inLanguage":"es"},{"@type":"Organization","@id":"https:\/\/baynana.es\/#organization","name":"\u0628\u064a\u0646\u0646\u0627 Baynana","url":"https:\/\/baynana.es\/","logo":{"@type":"ImageObject","inLanguage":"es","@id":"https:\/\/baynana.es\/#\/schema\/logo\/image\/","url":"https:\/\/baynana.es\/wp-content\/uploads\/2021\/03\/Artboard-1.png","contentUrl":"https:\/\/baynana.es\/wp-content\/uploads\/2021\/03\/Artboard-1.png","width":315,"height":228,"caption":"\u0628\u064a\u0646\u0646\u0627 Baynana"},"image":{"@id":"https:\/\/baynana.es\/#\/schema\/logo\/image\/"},"sameAs":["https:\/\/www.facebook.com\/baynanaes","https:\/\/x.com\/baynanaes","https:\/\/www.instagram.com\/baynanaes\/","https:\/\/www.linkedin.com\/in\/baynana-\u0628\u064a\u0646\u0646\u0627-887599211\/","https:\/\/www.youtube.com\/channel\/UC3019bsq5wOpi61SOufKxPA"]}]}},"_links":{"self":[{"href":"https:\/\/baynana.es\/es\/wp-json\/wp\/v2\/pages\/1422","targetHints":{"allow":["GET"]}}],"collection":[{"href":"https:\/\/baynana.es\/es\/wp-json\/wp\/v2\/pages"}],"about":[{"href":"https:\/\/baynana.es\/es\/wp-json\/wp\/v2\/types\/page"}],"author":[{"embeddable":true,"href":"https:\/\/baynana.es\/es\/wp-json\/wp\/v2\/users\/1"}],"replies":[{"embeddable":true,"href":"https:\/\/baynana.es\/es\/wp-json\/wp\/v2\/comments?post=1422"}],"version-history":[{"count":28,"href":"https:\/\/baynana.es\/es\/wp-json\/wp\/v2\/pages\/1422\/revisions"}],"predecessor-version":[{"id":7196,"href":"https:\/\/baynana.es\/es\/wp-json\/wp\/v2\/pages\/1422\/revisions\/7196"}],"wp:featuredmedia":[{"embeddable":true,"href":"https:\/\/baynana.es\/es\/wp-json\/wp\/v2\/media\/4552"}],"wp:attachment":[{"href":"https:\/\/baynana.es\/es\/wp-json\/wp\/v2\/media?parent=1422"}],"wp:term":[{"taxonomy":"author","embeddable":true,"href":"https:\/\/baynana.es\/es\/wp-json\/wp\/v2\/ppma_author?post=1422"}],"curies":[{"name":"wp","href":"https:\/\/api.w.org\/{rel}","templated":true}]}}