{"id":4613,"date":"2022-02-07T18:33:33","date_gmt":"2022-02-07T17:33:33","guid":{"rendered":"https:\/\/baynana.es\/?page_id=4613"},"modified":"2022-02-07T21:47:05","modified_gmt":"2022-02-07T20:47:05","slug":"politica-de-cookies","status":"publish","type":"page","link":"https:\/\/baynana.es\/es\/politica-de-cookies\/","title":{"rendered":"Pol\u00edtica de Cookies"},"content":{"rendered":"\n<p><strong>Baynana <\/strong>utiliza cookies y dispositivos similares con el fin de facilitar, mejorar y personalizar la navegaci\u00f3n de los usuarios a trav\u00e9s de su p\u00e1gina web <a href=\"https:\/\/baynana.es\">https:\/\/baynana.es<\/a> (la \u00ab<strong>P\u00e1gina Web<\/strong>\u00ab).<\/p>\n\n\n\n<p>Las cookies son peque\u00f1os archivos de texto que el servidor de una p\u00e1gina web almacena en el navegador del usuario (p.ej., Internet Explorer, Safari, Firefox o Chrome). Las cookies permiten a la P\u00e1gina Web, entre otras cosas, almacenar y recuperar informaci\u00f3n sobre los h\u00e1bitos de navegaci\u00f3n de un usuario o de su equipo o dispositivo y, dependiendo de la informaci\u00f3n que contengan y del uso que se haga del mismo, pueden emplearse para reconocer al usuario, identificarle y establecer sus preferencias de navegaci\u00f3n.<\/p>\n\n\n\n<p>Para mayor informaci\u00f3n sobre cookies, te recomendamos hacer clic en el siguiente&nbsp;<a href=\"http:\/\/www.interior.gob.es\/documents\/10180\/13073\/Guia_Cookies.pdf\/7c72c988-1e55-42b5-aeee-f7c46a319903\" target=\"_blank\" rel=\"noreferrer noopener\">enlace<\/a>, donde podr\u00e1 consultar la Gu\u00eda sobre el uso de las Cookies de la Agencia Espa\u00f1ola de Protecci\u00f3n de Datos, disponible en castellano.<\/p>\n\n\n\n<h4 class=\"wp-block-heading\">\u00bfPara qu\u00e9 se utilizan?<\/h4>\n\n\n\n<p>Las cookies son \u00fatiles por varios motivos. Desde un punto de vista t\u00e9cnico, permiten que la P\u00e1gina Web funcione de forma m\u00e1s \u00e1gil y adaptada a las preferencias de los usuarios. Adem\u00e1s, nos ayudan a mejorar la forma en que mostramos la informaci\u00f3n a nuestros usuarios y a interactuar con ellos.<\/p>\n\n\n\n<h4 class=\"wp-block-heading\">\u00bfQu\u00e9 tipos de cookies utiliza la P\u00e1gina Web?<\/h4>\n\n\n\n<p>Nuestra P\u00e1gina Web utiliza las cookies que se describen a continuaci\u00f3n:<\/p>\n\n\n\n<figure id=\"tablepress-2\" class=\"wp-block-table is-style-stripes\"><table><thead><tr><th>Nombre<\/th><th>Tipo y finalidad<\/th><th>Duraci\u00f3n<\/th><\/tr><\/thead><tbody><tr><td>PHPSESSID<\/td><td>Esta cookie es usada por el lenguaje de encriptado PHP para permitir que las variables de SESI\u00d3N sean guardadas en el servidor web. Esta cookies es esencial para el funcionamiento de la web.<\/td><td>Durante la sesi\u00f3n.<\/td><\/tr><tr><td>_ga<\/td><td>Se usa para distinguir a los usuarios.<\/td><td>2 a\u00f1os.<\/td><\/tr><tr><td>_gat<\/td><td>Se usa para limitar el porcentaje de solicitudes. Si has implementado Google Analytics mediante Google Tag Manager, esta cookie se llamar\u00e1 _dc_gtm_.<\/td><td>1 minuto.<\/td><\/tr><tr><td>_gid<\/td><td>Se usa para distinguir a los usuarios.<\/td><td>Desde Monday, October 29, 2018 at 11:07:38 AM Hasta Wednesday, October 31, 2018 at 4:22:29 PM.<\/td><\/tr><tr><td>_vwo_uuid_v2<\/td><td>Medir el rendimiento de las distintas p\u00e1ginas web.<\/td><td>1 a\u00f1o despu\u00e9s.<\/td><\/tr><tr><td>viewed_cookie_policy<\/td><td>Cookies de uso interno necesaria para el funcionamiento de la visualizaci\u00f3n de la pol\u00edtica de cookies de la web.<\/td><td>1 a\u00f1o despu\u00e9s.<\/td><\/tr><tr><td>wordpress_sec_9db4542a071d9644d9a2a02db1f7ec70<\/td><td>Guarda los detalles de la autentificaci\u00f3n en WordPress. S\u00f3lo se guarda en el equipo del administrador de la web.<\/td><td>Durante la sesi\u00f3n.<\/td><\/tr><tr><td>wordpress_test_cookie<\/td><td>Prueba las cookies de la p\u00e1gina de wordpress.<\/td><td>Durante la sesi\u00f3n.<\/td><\/tr><tr><td>wp-setting57<\/td><td>Se utiliza para personalizar la vista de la interfaz de administraci\u00f3n, y posiblemente tambi\u00e9n la interfaz principal del sitio.<\/td><td>1 a\u00f1o.<\/td><\/tr><tr><td>wp-settings-time57<\/td><td>Se utiliza para personalizar la vista de la interfaz de administraci\u00f3n, y posiblemente tambi\u00e9n la interfaz principal del sitio.<\/td><td>1 a\u00f1o.<\/td><\/tr><tr><td><\/td><td><\/td><td><\/td><\/tr><\/tbody><\/table><\/figure>\n\n\n\n<h4 class=\"wp-block-heading\">\u00bfC\u00f3mo evitar o eliminar las cookies?<\/h4>\n\n\n\n<p>Puedes permitir, bloquear o eliminar las cookies instaladas en tu equipo o dispositivo mediante la configuraci\u00f3n de las opciones del navegador utilizado.<\/p>\n\n\n\n<p>Para m\u00e1s informaci\u00f3n sobre como bloquear el uso de cookies, puedes visitar los siguientes espacios y enlaces para los principales navegadores:<\/p>\n\n\n\n<ul class=\"wp-block-list\"><li><a href=\"https:\/\/support.mozilla.org\/es\/kb\/habilitar-y-deshabilitar-cookies-sitios-web-rastrear-preferencias\" target=\"_blank\" rel=\"noreferrer noopener\">Firefox<\/a><\/li><li><a href=\"https:\/\/support.google.com\/chrome\/answer\/95647?hl=es\" target=\"_blank\" rel=\"noreferrer noopener\">Chrome<\/a><\/li><li><a href=\"https:\/\/support.microsoft.com\/es-cl\/help\/17442\/windows-internet-explorer-delete-manage-cookies\" target=\"_blank\" rel=\"noreferrer noopener\">Internet Explorer<\/a><\/li><li><a href=\"https:\/\/support.apple.com\/kb\/ph21411?locale=es_ES\" target=\"_blank\" rel=\"noreferrer noopener\">Safari<\/a><\/li><\/ul>\n","protected":false},"excerpt":{"rendered":"<p>Baynana utiliza cookies y dispositivos similares con el fin de facilitar, mejorar y personalizar la navegaci\u00f3n de los usuarios a trav\u00e9s de su p\u00e1gina web https:\/\/baynana.es (la \u00abP\u00e1gina Web\u00ab). Las cookies son peque\u00f1os archivos de texto que el servidor de una p\u00e1gina web almacena en el navegador del usuario (p.ej., Internet Explorer, Safari, Firefox o &hellip;<\/p>\n","protected":false},"author":1,"featured_media":0,"parent":0,"menu_order":0,"comment_status":"closed","ping_status":"closed","template":"","meta":{"inline_featured_image":false,"footnotes":""},"ppma_author":[504],"class_list":["post-4613","page","type-page","status-publish","hentry"],"acf":[],"yoast_head":"<!-- This site is optimized with the Yoast SEO plugin v25.3.1 - https:\/\/yoast.com\/wordpress\/plugins\/seo\/ -->\n<title>Pol\u00edtica de Cookies - Baynana \u0628\u064a\u0646\u0646\u0627<\/title>\n<meta name=\"robots\" content=\"index, follow, max-snippet:-1, max-image-preview:large, max-video-preview:-1\" \/>\n<link rel=\"canonical\" href=\"https:\/\/baynana.es\/es\/politica-de-cookies\/\" \/>\n<meta property=\"og:locale\" content=\"es_ES\" \/>\n<meta property=\"og:type\" content=\"article\" \/>\n<meta property=\"og:title\" content=\"Pol\u00edtica de Cookies - Baynana \u0628\u064a\u0646\u0646\u0627\" \/>\n<meta property=\"og:description\" content=\"Baynana utiliza cookies y dispositivos similares con el fin de facilitar, mejorar y personalizar la navegaci\u00f3n de los usuarios a trav\u00e9s de su p\u00e1gina web https:\/\/baynana.es (la \u00abP\u00e1gina Web\u00ab). Las cookies son peque\u00f1os archivos de texto que el servidor de una p\u00e1gina web almacena en el navegador del usuario (p.ej., Internet Explorer, Safari, Firefox o &hellip;\" \/>\n<meta property=\"og:url\" content=\"https:\/\/baynana.es\/es\/politica-de-cookies\/\" \/>\n<meta property=\"og:site_name\" content=\"Baynana \u0628\u064a\u0646\u0646\u0627\" \/>\n<meta property=\"article:publisher\" content=\"https:\/\/www.facebook.com\/baynanaes\" \/>\n<meta property=\"article:modified_time\" content=\"2022-02-07T20:47:05+00:00\" \/>\n<meta name=\"twitter:card\" content=\"summary_large_image\" \/>\n<meta name=\"twitter:site\" content=\"@baynanaes\" \/>\n<meta name=\"twitter:label1\" content=\"Tiempo de lectura\" \/>\n\t<meta name=\"twitter:data1\" content=\"3 minutos\" \/>\n<script type=\"application\/ld+json\" class=\"yoast-schema-graph\">{\"@context\":\"https:\/\/schema.org\",\"@graph\":[{\"@type\":\"WebPage\",\"@id\":\"https:\/\/baynana.es\/es\/politica-de-cookies\/\",\"url\":\"https:\/\/baynana.es\/es\/politica-de-cookies\/\",\"name\":\"Pol\u00edtica de Cookies - Baynana \u0628\u064a\u0646\u0646\u0627\",\"isPartOf\":{\"@id\":\"https:\/\/baynana.es\/#website\"},\"datePublished\":\"2022-02-07T17:33:33+00:00\",\"dateModified\":\"2022-02-07T20:47:05+00:00\",\"breadcrumb\":{\"@id\":\"https:\/\/baynana.es\/es\/politica-de-cookies\/#breadcrumb\"},\"inLanguage\":\"es\",\"potentialAction\":[{\"@type\":\"ReadAction\",\"target\":[\"https:\/\/baynana.es\/es\/politica-de-cookies\/\"]}]},{\"@type\":\"BreadcrumbList\",\"@id\":\"https:\/\/baynana.es\/es\/politica-de-cookies\/#breadcrumb\",\"itemListElement\":[{\"@type\":\"ListItem\",\"position\":1,\"name\":\"Portada\",\"item\":\"https:\/\/baynana.es\/es\/\"},{\"@type\":\"ListItem\",\"position\":2,\"name\":\"Pol\u00edtica de Cookies\"}]},{\"@type\":\"WebSite\",\"@id\":\"https:\/\/baynana.es\/#website\",\"url\":\"https:\/\/baynana.es\/\",\"name\":\"Baynana \u0628\u064a\u0646\u0646\u0627\",\"description\":\"Baynana Revista \u0645\u062c\u0644\u0629 \u0628\u064a\u0646\u0646\u0627\",\"publisher\":{\"@id\":\"https:\/\/baynana.es\/#organization\"},\"potentialAction\":[{\"@type\":\"SearchAction\",\"target\":{\"@type\":\"EntryPoint\",\"urlTemplate\":\"https:\/\/baynana.es\/?s={search_term_string}\"},\"query-input\":{\"@type\":\"PropertyValueSpecification\",\"valueRequired\":true,\"valueName\":\"search_term_string\"}}],\"inLanguage\":\"es\"},{\"@type\":\"Organization\",\"@id\":\"https:\/\/baynana.es\/#organization\",\"name\":\"\u0628\u064a\u0646\u0646\u0627 Baynana\",\"url\":\"https:\/\/baynana.es\/\",\"logo\":{\"@type\":\"ImageObject\",\"inLanguage\":\"es\",\"@id\":\"https:\/\/baynana.es\/#\/schema\/logo\/image\/\",\"url\":\"https:\/\/baynana.es\/wp-content\/uploads\/2021\/03\/Artboard-1.png\",\"contentUrl\":\"https:\/\/baynana.es\/wp-content\/uploads\/2021\/03\/Artboard-1.png\",\"width\":315,\"height\":228,\"caption\":\"\u0628\u064a\u0646\u0646\u0627 Baynana\"},\"image\":{\"@id\":\"https:\/\/baynana.es\/#\/schema\/logo\/image\/\"},\"sameAs\":[\"https:\/\/www.facebook.com\/baynanaes\",\"https:\/\/x.com\/baynanaes\",\"https:\/\/www.instagram.com\/baynanaes\/\",\"https:\/\/www.linkedin.com\/in\/baynana-\u0628\u064a\u0646\u0646\u0627-887599211\/\",\"https:\/\/www.youtube.com\/channel\/UC3019bsq5wOpi61SOufKxPA\"]}]}<\/script>\n<!-- \/ Yoast SEO plugin. -->","yoast_head_json":{"title":"Pol\u00edtica de Cookies - Baynana \u0628\u064a\u0646\u0646\u0627","robots":{"index":"index","follow":"follow","max-snippet":"max-snippet:-1","max-image-preview":"max-image-preview:large","max-video-preview":"max-video-preview:-1"},"canonical":"https:\/\/baynana.es\/es\/politica-de-cookies\/","og_locale":"es_ES","og_type":"article","og_title":"Pol\u00edtica de Cookies - Baynana \u0628\u064a\u0646\u0646\u0627","og_description":"Baynana utiliza cookies y dispositivos similares con el fin de facilitar, mejorar y personalizar la navegaci\u00f3n de los usuarios a trav\u00e9s de su p\u00e1gina web https:\/\/baynana.es (la \u00abP\u00e1gina Web\u00ab). Las cookies son peque\u00f1os archivos de texto que el servidor de una p\u00e1gina web almacena en el navegador del usuario (p.ej., Internet Explorer, Safari, Firefox o &hellip;","og_url":"https:\/\/baynana.es\/es\/politica-de-cookies\/","og_site_name":"Baynana \u0628\u064a\u0646\u0646\u0627","article_publisher":"https:\/\/www.facebook.com\/baynanaes","article_modified_time":"2022-02-07T20:47:05+00:00","twitter_card":"summary_large_image","twitter_site":"@baynanaes","twitter_misc":{"Tiempo de lectura":"3 minutos"},"schema":{"@context":"https:\/\/schema.org","@graph":[{"@type":"WebPage","@id":"https:\/\/baynana.es\/es\/politica-de-cookies\/","url":"https:\/\/baynana.es\/es\/politica-de-cookies\/","name":"Pol\u00edtica de Cookies - Baynana \u0628\u064a\u0646\u0646\u0627","isPartOf":{"@id":"https:\/\/baynana.es\/#website"},"datePublished":"2022-02-07T17:33:33+00:00","dateModified":"2022-02-07T20:47:05+00:00","breadcrumb":{"@id":"https:\/\/baynana.es\/es\/politica-de-cookies\/#breadcrumb"},"inLanguage":"es","potentialAction":[{"@type":"ReadAction","target":["https:\/\/baynana.es\/es\/politica-de-cookies\/"]}]},{"@type":"BreadcrumbList","@id":"https:\/\/baynana.es\/es\/politica-de-cookies\/#breadcrumb","itemListElement":[{"@type":"ListItem","position":1,"name":"Portada","item":"https:\/\/baynana.es\/es\/"},{"@type":"ListItem","position":2,"name":"Pol\u00edtica de Cookies"}]},{"@type":"WebSite","@id":"https:\/\/baynana.es\/#website","url":"https:\/\/baynana.es\/","name":"Baynana \u0628\u064a\u0646\u0646\u0627","description":"Baynana Revista \u0645\u062c\u0644\u0629 \u0628\u064a\u0646\u0646\u0627","publisher":{"@id":"https:\/\/baynana.es\/#organization"},"potentialAction":[{"@type":"SearchAction","target":{"@type":"EntryPoint","urlTemplate":"https:\/\/baynana.es\/?s={search_term_string}"},"query-input":{"@type":"PropertyValueSpecification","valueRequired":true,"valueName":"search_term_string"}}],"inLanguage":"es"},{"@type":"Organization","@id":"https:\/\/baynana.es\/#organization","name":"\u0628\u064a\u0646\u0646\u0627 Baynana","url":"https:\/\/baynana.es\/","logo":{"@type":"ImageObject","inLanguage":"es","@id":"https:\/\/baynana.es\/#\/schema\/logo\/image\/","url":"https:\/\/baynana.es\/wp-content\/uploads\/2021\/03\/Artboard-1.png","contentUrl":"https:\/\/baynana.es\/wp-content\/uploads\/2021\/03\/Artboard-1.png","width":315,"height":228,"caption":"\u0628\u064a\u0646\u0646\u0627 Baynana"},"image":{"@id":"https:\/\/baynana.es\/#\/schema\/logo\/image\/"},"sameAs":["https:\/\/www.facebook.com\/baynanaes","https:\/\/x.com\/baynanaes","https:\/\/www.instagram.com\/baynanaes\/","https:\/\/www.linkedin.com\/in\/baynana-\u0628\u064a\u0646\u0646\u0627-887599211\/","https:\/\/www.youtube.com\/channel\/UC3019bsq5wOpi61SOufKxPA"]}]}},"_links":{"self":[{"href":"https:\/\/baynana.es\/es\/wp-json\/wp\/v2\/pages\/4613","targetHints":{"allow":["GET"]}}],"collection":[{"href":"https:\/\/baynana.es\/es\/wp-json\/wp\/v2\/pages"}],"about":[{"href":"https:\/\/baynana.es\/es\/wp-json\/wp\/v2\/types\/page"}],"author":[{"embeddable":true,"href":"https:\/\/baynana.es\/es\/wp-json\/wp\/v2\/users\/1"}],"replies":[{"embeddable":true,"href":"https:\/\/baynana.es\/es\/wp-json\/wp\/v2\/comments?post=4613"}],"version-history":[{"count":3,"href":"https:\/\/baynana.es\/es\/wp-json\/wp\/v2\/pages\/4613\/revisions"}],"predecessor-version":[{"id":4616,"href":"https:\/\/baynana.es\/es\/wp-json\/wp\/v2\/pages\/4613\/revisions\/4616"}],"wp:attachment":[{"href":"https:\/\/baynana.es\/es\/wp-json\/wp\/v2\/media?parent=4613"}],"wp:term":[{"taxonomy":"author","embeddable":true,"href":"https:\/\/baynana.es\/es\/wp-json\/wp\/v2\/ppma_author?post=4613"}],"curies":[{"name":"wp","href":"https:\/\/api.w.org\/{rel}","templated":true}]}}