{"id":4631,"date":"2022-02-08T09:56:12","date_gmt":"2022-02-08T08:56:12","guid":{"rendered":"https:\/\/baynana.es\/?page_id=4631"},"modified":"2022-03-11T00:26:01","modified_gmt":"2022-03-10T23:26:01","slug":"newsletter","status":"publish","type":"page","link":"https:\/\/baynana.es\/es\/newsletter\/","title":{"rendered":"Newsletter"},"content":{"rendered":"\n<div class=\"wpcf7 no-js\" id=\"wpcf7-f4611-o1\" lang=\"es-ES\" dir=\"ltr\" data-wpcf7-id=\"4611\">\n<div class=\"screen-reader-response\"><p role=\"status\" aria-live=\"polite\" aria-atomic=\"true\"><\/p> <ul><\/ul><\/div>\n<form action=\"\/es\/wp-json\/wp\/v2\/pages\/4631#wpcf7-f4611-o1\" method=\"post\" class=\"wpcf7-form init\" aria-label=\"Formulario de contacto\" novalidate=\"novalidate\" data-status=\"init\">\n<fieldset class=\"hidden-fields-container\"><input type=\"hidden\" name=\"_wpcf7\" value=\"4611\" \/><input type=\"hidden\" name=\"_wpcf7_version\" value=\"6.1\" \/><input type=\"hidden\" name=\"_wpcf7_locale\" value=\"es_ES\" \/><input type=\"hidden\" name=\"_wpcf7_unit_tag\" value=\"wpcf7-f4611-o1\" \/><input type=\"hidden\" name=\"_wpcf7_container_post\" value=\"0\" \/><input type=\"hidden\" name=\"_wpcf7_posted_data_hash\" value=\"\" \/>\n<\/fieldset>\n<p><label><span class=\"wpcf7-form-control-wrap\" data-name=\"your-name\"><input size=\"40\" maxlength=\"400\" class=\"wpcf7-form-control wpcf7-text wpcf7-validates-as-required\" aria-required=\"true\" aria-invalid=\"false\" value=\"Nombre\" type=\"text\" name=\"your-name\" \/><\/span> <\/label>\n<\/p>\n<p><label><span class=\"wpcf7-form-control-wrap\" data-name=\"your-email\"><input size=\"40\" maxlength=\"400\" class=\"wpcf7-form-control wpcf7-email wpcf7-validates-as-required wpcf7-text wpcf7-validates-as-email\" aria-required=\"true\" aria-invalid=\"false\" value=\"Email\" type=\"email\" name=\"your-email\" \/><\/span> <\/label>\n<\/p>\n<p><span class=\"wpcf7-form-control-wrap\" data-name=\"acceptance-636\"><span class=\"wpcf7-form-control wpcf7-acceptance\"><span class=\"wpcf7-list-item\"><label><input type=\"checkbox\" name=\"acceptance-636\" value=\"1\" aria-invalid=\"false\" \/><span class=\"wpcf7-list-item-label\">He leido y acepto la <a href=\"https:\/\/baynana.es\/es\/politica-de-privacidad\/\" target=\"_blank\" rel=\"nofollow\">Pol\u00edtica de Privacidad<\/a><\/span><\/label><\/span><\/span><\/span>\n<\/p>\n<p><input class=\"wpcf7-form-control wpcf7-submit has-spinner\" type=\"submit\" value=\"Enviar\" \/>\n<\/p><div class=\"wpcf7-response-output\" aria-hidden=\"true\"><\/div>\n<\/form>\n<\/div>\n\n<p><strong>Todos juntos <\/strong>es una newsletter que llegar\u00e1 a tu correo\u00a0 el \u00faltimo lunes del mes, y est\u00e1 hecha para hacer comunidad y dejar que sean los migrantes los que cuenten su historia. Queremos manteneros al d\u00eda acerca de las conversaciones que se dan en nuestro pa\u00eds en torno a la migraci\u00f3n, y tambi\u00e9n queremos resaltar la fuerza de las comunidades \u00e1rabes en Espa\u00f1a, una poblaci\u00f3n de m\u00e1s de dos millones de personas que han llevado a cabo cientos de proyectos, empresas y organizaciones en su nuevo pa\u00eds. As\u00ed que si te interesa la cultura \u00e1rabe, el activismo a favor del derecho a la migraci\u00f3n, y apoyar negocios y emprendimientos fundados por migrantes. \u00a1Esta newsletter es para ti!<\/p>\n","protected":false},"excerpt":{"rendered":"<p>Todos juntos es una newsletter que llegar\u00e1 a tu correo\u00a0 el \u00faltimo lunes del mes, y est\u00e1 hecha para hacer comunidad y dejar que sean los migrantes los que cuenten su historia. Queremos manteneros al d\u00eda acerca de las conversaciones que se dan en nuestro pa\u00eds en torno a la migraci\u00f3n, y tambi\u00e9n queremos resaltar &hellip;<\/p>\n","protected":false},"author":1,"featured_media":0,"parent":0,"menu_order":0,"comment_status":"closed","ping_status":"closed","template":"","meta":{"inline_featured_image":false,"footnotes":""},"ppma_author":[504],"class_list":["post-4631","page","type-page","status-publish","hentry"],"acf":[],"yoast_head":"<!-- This site is optimized with the Yoast SEO plugin v25.3.1 - https:\/\/yoast.com\/wordpress\/plugins\/seo\/ -->\n<title>La newsletter de los migrantes<\/title>\n<meta name=\"description\" content=\"&quot;Todos juntos&quot; es una newsletter para que los migrantes cuenten su historia. Mantente al d\u00eda acerca de migraci\u00f3n y el mundo \u00e1rabe en Espa\u00f1a.\" \/>\n<meta name=\"robots\" content=\"index, follow, max-snippet:-1, max-image-preview:large, max-video-preview:-1\" \/>\n<link rel=\"canonical\" href=\"https:\/\/baynana.es\/es\/newsletter\/\" \/>\n<meta property=\"og:locale\" content=\"es_ES\" \/>\n<meta property=\"og:type\" content=\"article\" \/>\n<meta property=\"og:title\" content=\"La newsletter de los migrantes\" \/>\n<meta property=\"og:description\" content=\"&quot;Todos juntos&quot; es una newsletter para que los migrantes cuenten su historia. Mantente al d\u00eda acerca de migraci\u00f3n y el mundo \u00e1rabe en Espa\u00f1a.\" \/>\n<meta property=\"og:url\" content=\"https:\/\/baynana.es\/es\/newsletter\/\" \/>\n<meta property=\"og:site_name\" content=\"Baynana \u0628\u064a\u0646\u0646\u0627\" \/>\n<meta property=\"article:publisher\" content=\"https:\/\/www.facebook.com\/baynanaes\" \/>\n<meta property=\"article:modified_time\" content=\"2022-03-10T23:26:01+00:00\" \/>\n<meta name=\"twitter:card\" content=\"summary_large_image\" \/>\n<meta name=\"twitter:site\" content=\"@baynanaes\" \/>\n<meta name=\"twitter:label1\" content=\"Tiempo de lectura\" \/>\n\t<meta name=\"twitter:data1\" content=\"1 minuto\" \/>\n<script type=\"application\/ld+json\" class=\"yoast-schema-graph\">{\"@context\":\"https:\/\/schema.org\",\"@graph\":[{\"@type\":\"WebPage\",\"@id\":\"https:\/\/baynana.es\/es\/newsletter\/\",\"url\":\"https:\/\/baynana.es\/es\/newsletter\/\",\"name\":\"La newsletter de los migrantes\",\"isPartOf\":{\"@id\":\"https:\/\/baynana.es\/#website\"},\"datePublished\":\"2022-02-08T08:56:12+00:00\",\"dateModified\":\"2022-03-10T23:26:01+00:00\",\"description\":\"\\\"Todos juntos\\\" es una newsletter para que los migrantes cuenten su historia. Mantente al d\u00eda acerca de migraci\u00f3n y el mundo \u00e1rabe en Espa\u00f1a.\",\"breadcrumb\":{\"@id\":\"https:\/\/baynana.es\/es\/newsletter\/#breadcrumb\"},\"inLanguage\":\"es\",\"potentialAction\":[{\"@type\":\"ReadAction\",\"target\":[\"https:\/\/baynana.es\/es\/newsletter\/\"]}]},{\"@type\":\"BreadcrumbList\",\"@id\":\"https:\/\/baynana.es\/es\/newsletter\/#breadcrumb\",\"itemListElement\":[{\"@type\":\"ListItem\",\"position\":1,\"name\":\"Portada\",\"item\":\"https:\/\/baynana.es\/es\/\"},{\"@type\":\"ListItem\",\"position\":2,\"name\":\"Newsletter\"}]},{\"@type\":\"WebSite\",\"@id\":\"https:\/\/baynana.es\/#website\",\"url\":\"https:\/\/baynana.es\/\",\"name\":\"Baynana \u0628\u064a\u0646\u0646\u0627\",\"description\":\"Baynana Revista \u0645\u062c\u0644\u0629 \u0628\u064a\u0646\u0646\u0627\",\"publisher\":{\"@id\":\"https:\/\/baynana.es\/#organization\"},\"potentialAction\":[{\"@type\":\"SearchAction\",\"target\":{\"@type\":\"EntryPoint\",\"urlTemplate\":\"https:\/\/baynana.es\/?s={search_term_string}\"},\"query-input\":{\"@type\":\"PropertyValueSpecification\",\"valueRequired\":true,\"valueName\":\"search_term_string\"}}],\"inLanguage\":\"es\"},{\"@type\":\"Organization\",\"@id\":\"https:\/\/baynana.es\/#organization\",\"name\":\"\u0628\u064a\u0646\u0646\u0627 Baynana\",\"url\":\"https:\/\/baynana.es\/\",\"logo\":{\"@type\":\"ImageObject\",\"inLanguage\":\"es\",\"@id\":\"https:\/\/baynana.es\/#\/schema\/logo\/image\/\",\"url\":\"https:\/\/baynana.es\/wp-content\/uploads\/2021\/03\/Artboard-1.png\",\"contentUrl\":\"https:\/\/baynana.es\/wp-content\/uploads\/2021\/03\/Artboard-1.png\",\"width\":315,\"height\":228,\"caption\":\"\u0628\u064a\u0646\u0646\u0627 Baynana\"},\"image\":{\"@id\":\"https:\/\/baynana.es\/#\/schema\/logo\/image\/\"},\"sameAs\":[\"https:\/\/www.facebook.com\/baynanaes\",\"https:\/\/x.com\/baynanaes\",\"https:\/\/www.instagram.com\/baynanaes\/\",\"https:\/\/www.linkedin.com\/in\/baynana-\u0628\u064a\u0646\u0646\u0627-887599211\/\",\"https:\/\/www.youtube.com\/channel\/UC3019bsq5wOpi61SOufKxPA\"]}]}<\/script>\n<!-- \/ Yoast SEO plugin. -->","yoast_head_json":{"title":"La newsletter de los migrantes","description":"\"Todos juntos\" es una newsletter para que los migrantes cuenten su historia. Mantente al d\u00eda acerca de migraci\u00f3n y el mundo \u00e1rabe en Espa\u00f1a.","robots":{"index":"index","follow":"follow","max-snippet":"max-snippet:-1","max-image-preview":"max-image-preview:large","max-video-preview":"max-video-preview:-1"},"canonical":"https:\/\/baynana.es\/es\/newsletter\/","og_locale":"es_ES","og_type":"article","og_title":"La newsletter de los migrantes","og_description":"\"Todos juntos\" es una newsletter para que los migrantes cuenten su historia. Mantente al d\u00eda acerca de migraci\u00f3n y el mundo \u00e1rabe en Espa\u00f1a.","og_url":"https:\/\/baynana.es\/es\/newsletter\/","og_site_name":"Baynana \u0628\u064a\u0646\u0646\u0627","article_publisher":"https:\/\/www.facebook.com\/baynanaes","article_modified_time":"2022-03-10T23:26:01+00:00","twitter_card":"summary_large_image","twitter_site":"@baynanaes","twitter_misc":{"Tiempo de lectura":"1 minuto"},"schema":{"@context":"https:\/\/schema.org","@graph":[{"@type":"WebPage","@id":"https:\/\/baynana.es\/es\/newsletter\/","url":"https:\/\/baynana.es\/es\/newsletter\/","name":"La newsletter de los migrantes","isPartOf":{"@id":"https:\/\/baynana.es\/#website"},"datePublished":"2022-02-08T08:56:12+00:00","dateModified":"2022-03-10T23:26:01+00:00","description":"\"Todos juntos\" es una newsletter para que los migrantes cuenten su historia. Mantente al d\u00eda acerca de migraci\u00f3n y el mundo \u00e1rabe en Espa\u00f1a.","breadcrumb":{"@id":"https:\/\/baynana.es\/es\/newsletter\/#breadcrumb"},"inLanguage":"es","potentialAction":[{"@type":"ReadAction","target":["https:\/\/baynana.es\/es\/newsletter\/"]}]},{"@type":"BreadcrumbList","@id":"https:\/\/baynana.es\/es\/newsletter\/#breadcrumb","itemListElement":[{"@type":"ListItem","position":1,"name":"Portada","item":"https:\/\/baynana.es\/es\/"},{"@type":"ListItem","position":2,"name":"Newsletter"}]},{"@type":"WebSite","@id":"https:\/\/baynana.es\/#website","url":"https:\/\/baynana.es\/","name":"Baynana \u0628\u064a\u0646\u0646\u0627","description":"Baynana Revista \u0645\u062c\u0644\u0629 \u0628\u064a\u0646\u0646\u0627","publisher":{"@id":"https:\/\/baynana.es\/#organization"},"potentialAction":[{"@type":"SearchAction","target":{"@type":"EntryPoint","urlTemplate":"https:\/\/baynana.es\/?s={search_term_string}"},"query-input":{"@type":"PropertyValueSpecification","valueRequired":true,"valueName":"search_term_string"}}],"inLanguage":"es"},{"@type":"Organization","@id":"https:\/\/baynana.es\/#organization","name":"\u0628\u064a\u0646\u0646\u0627 Baynana","url":"https:\/\/baynana.es\/","logo":{"@type":"ImageObject","inLanguage":"es","@id":"https:\/\/baynana.es\/#\/schema\/logo\/image\/","url":"https:\/\/baynana.es\/wp-content\/uploads\/2021\/03\/Artboard-1.png","contentUrl":"https:\/\/baynana.es\/wp-content\/uploads\/2021\/03\/Artboard-1.png","width":315,"height":228,"caption":"\u0628\u064a\u0646\u0646\u0627 Baynana"},"image":{"@id":"https:\/\/baynana.es\/#\/schema\/logo\/image\/"},"sameAs":["https:\/\/www.facebook.com\/baynanaes","https:\/\/x.com\/baynanaes","https:\/\/www.instagram.com\/baynanaes\/","https:\/\/www.linkedin.com\/in\/baynana-\u0628\u064a\u0646\u0646\u0627-887599211\/","https:\/\/www.youtube.com\/channel\/UC3019bsq5wOpi61SOufKxPA"]}]}},"_links":{"self":[{"href":"https:\/\/baynana.es\/es\/wp-json\/wp\/v2\/pages\/4631","targetHints":{"allow":["GET"]}}],"collection":[{"href":"https:\/\/baynana.es\/es\/wp-json\/wp\/v2\/pages"}],"about":[{"href":"https:\/\/baynana.es\/es\/wp-json\/wp\/v2\/types\/page"}],"author":[{"embeddable":true,"href":"https:\/\/baynana.es\/es\/wp-json\/wp\/v2\/users\/1"}],"replies":[{"embeddable":true,"href":"https:\/\/baynana.es\/es\/wp-json\/wp\/v2\/comments?post=4631"}],"version-history":[{"count":7,"href":"https:\/\/baynana.es\/es\/wp-json\/wp\/v2\/pages\/4631\/revisions"}],"predecessor-version":[{"id":5119,"href":"https:\/\/baynana.es\/es\/wp-json\/wp\/v2\/pages\/4631\/revisions\/5119"}],"wp:attachment":[{"href":"https:\/\/baynana.es\/es\/wp-json\/wp\/v2\/media?parent=4631"}],"wp:term":[{"taxonomy":"author","embeddable":true,"href":"https:\/\/baynana.es\/es\/wp-json\/wp\/v2\/ppma_author?post=4631"}],"curies":[{"name":"wp","href":"https:\/\/api.w.org\/{rel}","templated":true}]}}