{"id":4696,"date":"2022-02-10T11:39:01","date_gmt":"2022-02-10T10:39:01","guid":{"rendered":"https:\/\/baynana.es\/?page_id=4696"},"modified":"2024-04-09T14:35:09","modified_gmt":"2024-04-09T12:35:09","slug":"dona","status":"publish","type":"page","link":"https:\/\/baynana.es\/es\/dona\/","title":{"rendered":"Contribuye"},"content":{"rendered":"<h2>\u00bfCu\u00e1nto quieres aportar?<\/h2>\n<div class=\"wcopc\"><\/div>\n<div class=\"intro\">\n<div class=\"texto\">\n<h2>Apoya nuestro periodismo con cualquier cantidad<\/h2>\n<p>Baynana forma parte de la <strong>Fundaci\u00f3n porCausa<\/strong> y apuesta por periodismo hecho por migrantes para migrantes. Vuestro apoyo garantiza nuestra independencia editorial libre de la influencia de empresas y bandos pol\u00edticos. En definitiva, periodismo de calidad capaz de dar la cara frente a los poderosos y tender puentes entre refugiados, migrantes y el resto de la poblaci\u00f3n. Todo aporte, por peque\u00f1o que sea, hace posible nuestro futuro.<\/p>\n<p style=\"text-align: center;\"><img loading=\"lazy\" decoding=\"async\" class=\"wp-image-5153 alignnone\" src=\"https:\/\/baynana.es\/wp-content\/uploads\/2022\/03\/Pago-tarjeta-300x151.jpeg\" alt=\"\" width=\"135\" height=\"68\" srcset=\"https:\/\/baynana.es\/wp-content\/uploads\/2022\/03\/Pago-tarjeta-300x151.jpeg 300w, https:\/\/baynana.es\/wp-content\/uploads\/2022\/03\/Pago-tarjeta.jpeg 316w\" sizes=\"auto, (max-width: 135px) 100vw, 135px\" \/> \u00a0<img decoding=\"async\" class=\"alignnone size-full wp-image-5004\" src=\"https:\/\/baynana.es\/wp-content\/uploads\/2022\/03\/logo-bizum.jpg\" alt=\"\" width=\"150\" \/>. <img decoding=\"async\" class=\"alignnone size-large wp-image-5007\" src=\"https:\/\/baynana.es\/wp-content\/uploads\/2022\/03\/logo-paypal.jpg\" alt=\"\" width=\"150\" \/><\/p>\n<h2>Ventajas de hacerte socio de Baynana<\/h2>\n<p>Aparte de colaborar con un periodismo libre y de calidad, haci\u00e9ndote socio de Baynana podr\u00e1s participar en talleres, cursos y eventos exclusivos. Conoce todas las <a href=\"https:\/\/baynana.es\/es\/ventajas-de-ser-socio-de-baynana\/\" rel=\"noopener\" target=\"_blank\">ventajas de ser socio<\/a>.\n<\/div>\n<div class=\"desgrava\">\n<h3>Desgrava tu aportaci\u00f3n<\/h3>\n<p>Realizar donaciones a organizaciones sin \u00e1nimo de lucro repercute en tu pr\u00f3xima declaraci\u00f3n de la renta en ventajosas desgravaciones. Dependiendo de la cantidad que dones puedes recuperar hasta un 80% del total.<br \/>\n<a href=\"#masinfo\">Saber m\u00e1s<\/a><\/p>\n<div id=\"masinfo\" class=\"lightbox infodesgrava\">\n<div class=\"modal\">\n<h3>Ventajas fiscales de donar<\/h3>\n<table>\n<tbody>\n<tr>\n<td><strong>Base de la deducci\u00f3n personas f\u00edsicas<\/strong><\/td>\n<td>Porcentaje deducci\u00f3n<\/td>\n<\/tr>\n<tr>\n<td>Hasta 150 euros<\/td>\n<td>80%<\/td>\n<\/tr>\n<tr>\n<td>Resto base de deducci\u00f3n<\/td>\n<td>35%<\/td>\n<\/tr>\n<tr>\n<td><strong>Base de la deducci\u00f3n personas jur\u00eddicas<\/strong><\/td>\n<td>Porcentaje deducci\u00f3n<\/td>\n<\/tr>\n<tr>\n<td>Cualquier importe<\/td>\n<td>35%<\/td>\n<\/tr>\n<\/tbody>\n<\/table>\n<p><a href=\"#\">Cerrar<\/a><\/p>\n<\/div>\n<\/div>\n<\/div>\n<\/div>\n","protected":false},"excerpt":{"rendered":"<p>\u00bfCu\u00e1nto quieres aportar? Apoya nuestro periodismo con cualquier cantidad Baynana forma parte de la Fundaci\u00f3n porCausa y apuesta por periodismo hecho por migrantes para migrantes. Vuestro apoyo garantiza nuestra independencia editorial libre de la influencia de empresas y bandos pol\u00edticos. En definitiva, periodismo de calidad capaz de dar la cara frente a los poderosos y &hellip;<\/p>\n","protected":false},"author":1,"featured_media":0,"parent":0,"menu_order":0,"comment_status":"closed","ping_status":"closed","template":"","meta":{"inline_featured_image":false,"footnotes":""},"ppma_author":[504],"class_list":["post-4696","page","type-page","status-publish","hentry"],"acf":[],"yoast_head":"<!-- This site is optimized with the Yoast SEO plugin v25.3.1 - https:\/\/yoast.com\/wordpress\/plugins\/seo\/ -->\n<title>Contribuye a Baynana - el medio de migrantes para migrantes<\/title>\n<meta name=\"description\" content=\"Baynana puesta por periodismo hecho por migrantes para migrantes. Todo aporte, por peque\u00f1o que sea, hace posible nuestro futuro. \u00a1Contribuye!\" \/>\n<meta name=\"robots\" content=\"index, follow, max-snippet:-1, max-image-preview:large, max-video-preview:-1\" \/>\n<link rel=\"canonical\" href=\"https:\/\/baynana.es\/es\/dona\/\" \/>\n<meta property=\"og:locale\" content=\"es_ES\" \/>\n<meta property=\"og:type\" content=\"article\" \/>\n<meta property=\"og:title\" content=\"Contribuye a Baynana - el medio de migrantes para migrantes\" \/>\n<meta property=\"og:description\" content=\"Baynana puesta por periodismo hecho por migrantes para migrantes. Todo aporte, por peque\u00f1o que sea, hace posible nuestro futuro. \u00a1Contribuye!\" \/>\n<meta property=\"og:url\" content=\"https:\/\/baynana.es\/es\/dona\/\" \/>\n<meta property=\"og:site_name\" content=\"Baynana \u0628\u064a\u0646\u0646\u0627\" \/>\n<meta property=\"article:publisher\" content=\"https:\/\/www.facebook.com\/baynanaes\" \/>\n<meta property=\"article:modified_time\" content=\"2024-04-09T12:35:09+00:00\" \/>\n<meta property=\"og:image\" content=\"https:\/\/baynana.es\/wp-content\/uploads\/2022\/03\/Pago-tarjeta-300x151.jpeg\" \/>\n<meta name=\"twitter:card\" content=\"summary_large_image\" \/>\n<meta name=\"twitter:site\" content=\"@baynanaes\" \/>\n<meta name=\"twitter:label1\" content=\"Tiempo de lectura\" \/>\n\t<meta name=\"twitter:data1\" content=\"2 minutos\" \/>\n<script type=\"application\/ld+json\" class=\"yoast-schema-graph\">{\"@context\":\"https:\/\/schema.org\",\"@graph\":[{\"@type\":\"WebPage\",\"@id\":\"https:\/\/baynana.es\/es\/dona\/\",\"url\":\"https:\/\/baynana.es\/es\/dona\/\",\"name\":\"Contribuye a Baynana - el medio de migrantes para migrantes\",\"isPartOf\":{\"@id\":\"https:\/\/baynana.es\/#website\"},\"primaryImageOfPage\":{\"@id\":\"https:\/\/baynana.es\/es\/dona\/#primaryimage\"},\"image\":{\"@id\":\"https:\/\/baynana.es\/es\/dona\/#primaryimage\"},\"thumbnailUrl\":\"https:\/\/baynana.es\/wp-content\/uploads\/2022\/03\/Pago-tarjeta-300x151.jpeg\",\"datePublished\":\"2022-02-10T10:39:01+00:00\",\"dateModified\":\"2024-04-09T12:35:09+00:00\",\"description\":\"Baynana puesta por periodismo hecho por migrantes para migrantes. Todo aporte, por peque\u00f1o que sea, hace posible nuestro futuro. \u00a1Contribuye!\",\"breadcrumb\":{\"@id\":\"https:\/\/baynana.es\/es\/dona\/#breadcrumb\"},\"inLanguage\":\"es\",\"potentialAction\":[{\"@type\":\"ReadAction\",\"target\":[\"https:\/\/baynana.es\/es\/dona\/\"]}]},{\"@type\":\"ImageObject\",\"inLanguage\":\"es\",\"@id\":\"https:\/\/baynana.es\/es\/dona\/#primaryimage\",\"url\":\"https:\/\/baynana.es\/wp-content\/uploads\/2022\/03\/Pago-tarjeta-300x151.jpeg\",\"contentUrl\":\"https:\/\/baynana.es\/wp-content\/uploads\/2022\/03\/Pago-tarjeta-300x151.jpeg\"},{\"@type\":\"BreadcrumbList\",\"@id\":\"https:\/\/baynana.es\/es\/dona\/#breadcrumb\",\"itemListElement\":[{\"@type\":\"ListItem\",\"position\":1,\"name\":\"Portada\",\"item\":\"https:\/\/baynana.es\/es\/\"},{\"@type\":\"ListItem\",\"position\":2,\"name\":\"Contribuye\"}]},{\"@type\":\"WebSite\",\"@id\":\"https:\/\/baynana.es\/#website\",\"url\":\"https:\/\/baynana.es\/\",\"name\":\"Baynana \u0628\u064a\u0646\u0646\u0627\",\"description\":\"Baynana Revista \u0645\u062c\u0644\u0629 \u0628\u064a\u0646\u0646\u0627\",\"publisher\":{\"@id\":\"https:\/\/baynana.es\/#organization\"},\"potentialAction\":[{\"@type\":\"SearchAction\",\"target\":{\"@type\":\"EntryPoint\",\"urlTemplate\":\"https:\/\/baynana.es\/?s={search_term_string}\"},\"query-input\":{\"@type\":\"PropertyValueSpecification\",\"valueRequired\":true,\"valueName\":\"search_term_string\"}}],\"inLanguage\":\"es\"},{\"@type\":\"Organization\",\"@id\":\"https:\/\/baynana.es\/#organization\",\"name\":\"\u0628\u064a\u0646\u0646\u0627 Baynana\",\"url\":\"https:\/\/baynana.es\/\",\"logo\":{\"@type\":\"ImageObject\",\"inLanguage\":\"es\",\"@id\":\"https:\/\/baynana.es\/#\/schema\/logo\/image\/\",\"url\":\"https:\/\/baynana.es\/wp-content\/uploads\/2021\/03\/Artboard-1.png\",\"contentUrl\":\"https:\/\/baynana.es\/wp-content\/uploads\/2021\/03\/Artboard-1.png\",\"width\":315,\"height\":228,\"caption\":\"\u0628\u064a\u0646\u0646\u0627 Baynana\"},\"image\":{\"@id\":\"https:\/\/baynana.es\/#\/schema\/logo\/image\/\"},\"sameAs\":[\"https:\/\/www.facebook.com\/baynanaes\",\"https:\/\/x.com\/baynanaes\",\"https:\/\/www.instagram.com\/baynanaes\/\",\"https:\/\/www.linkedin.com\/in\/baynana-\u0628\u064a\u0646\u0646\u0627-887599211\/\",\"https:\/\/www.youtube.com\/channel\/UC3019bsq5wOpi61SOufKxPA\"]}]}<\/script>\n<!-- \/ Yoast SEO plugin. -->","yoast_head_json":{"title":"Contribuye a Baynana - el medio de migrantes para migrantes","description":"Baynana puesta por periodismo hecho por migrantes para migrantes. Todo aporte, por peque\u00f1o que sea, hace posible nuestro futuro. \u00a1Contribuye!","robots":{"index":"index","follow":"follow","max-snippet":"max-snippet:-1","max-image-preview":"max-image-preview:large","max-video-preview":"max-video-preview:-1"},"canonical":"https:\/\/baynana.es\/es\/dona\/","og_locale":"es_ES","og_type":"article","og_title":"Contribuye a Baynana - el medio de migrantes para migrantes","og_description":"Baynana puesta por periodismo hecho por migrantes para migrantes. Todo aporte, por peque\u00f1o que sea, hace posible nuestro futuro. \u00a1Contribuye!","og_url":"https:\/\/baynana.es\/es\/dona\/","og_site_name":"Baynana \u0628\u064a\u0646\u0646\u0627","article_publisher":"https:\/\/www.facebook.com\/baynanaes","article_modified_time":"2024-04-09T12:35:09+00:00","og_image":[{"url":"https:\/\/baynana.es\/wp-content\/uploads\/2022\/03\/Pago-tarjeta-300x151.jpeg","type":"","width":"","height":""}],"twitter_card":"summary_large_image","twitter_site":"@baynanaes","twitter_misc":{"Tiempo de lectura":"2 minutos"},"schema":{"@context":"https:\/\/schema.org","@graph":[{"@type":"WebPage","@id":"https:\/\/baynana.es\/es\/dona\/","url":"https:\/\/baynana.es\/es\/dona\/","name":"Contribuye a Baynana - el medio de migrantes para migrantes","isPartOf":{"@id":"https:\/\/baynana.es\/#website"},"primaryImageOfPage":{"@id":"https:\/\/baynana.es\/es\/dona\/#primaryimage"},"image":{"@id":"https:\/\/baynana.es\/es\/dona\/#primaryimage"},"thumbnailUrl":"https:\/\/baynana.es\/wp-content\/uploads\/2022\/03\/Pago-tarjeta-300x151.jpeg","datePublished":"2022-02-10T10:39:01+00:00","dateModified":"2024-04-09T12:35:09+00:00","description":"Baynana puesta por periodismo hecho por migrantes para migrantes. Todo aporte, por peque\u00f1o que sea, hace posible nuestro futuro. \u00a1Contribuye!","breadcrumb":{"@id":"https:\/\/baynana.es\/es\/dona\/#breadcrumb"},"inLanguage":"es","potentialAction":[{"@type":"ReadAction","target":["https:\/\/baynana.es\/es\/dona\/"]}]},{"@type":"ImageObject","inLanguage":"es","@id":"https:\/\/baynana.es\/es\/dona\/#primaryimage","url":"https:\/\/baynana.es\/wp-content\/uploads\/2022\/03\/Pago-tarjeta-300x151.jpeg","contentUrl":"https:\/\/baynana.es\/wp-content\/uploads\/2022\/03\/Pago-tarjeta-300x151.jpeg"},{"@type":"BreadcrumbList","@id":"https:\/\/baynana.es\/es\/dona\/#breadcrumb","itemListElement":[{"@type":"ListItem","position":1,"name":"Portada","item":"https:\/\/baynana.es\/es\/"},{"@type":"ListItem","position":2,"name":"Contribuye"}]},{"@type":"WebSite","@id":"https:\/\/baynana.es\/#website","url":"https:\/\/baynana.es\/","name":"Baynana \u0628\u064a\u0646\u0646\u0627","description":"Baynana Revista \u0645\u062c\u0644\u0629 \u0628\u064a\u0646\u0646\u0627","publisher":{"@id":"https:\/\/baynana.es\/#organization"},"potentialAction":[{"@type":"SearchAction","target":{"@type":"EntryPoint","urlTemplate":"https:\/\/baynana.es\/?s={search_term_string}"},"query-input":{"@type":"PropertyValueSpecification","valueRequired":true,"valueName":"search_term_string"}}],"inLanguage":"es"},{"@type":"Organization","@id":"https:\/\/baynana.es\/#organization","name":"\u0628\u064a\u0646\u0646\u0627 Baynana","url":"https:\/\/baynana.es\/","logo":{"@type":"ImageObject","inLanguage":"es","@id":"https:\/\/baynana.es\/#\/schema\/logo\/image\/","url":"https:\/\/baynana.es\/wp-content\/uploads\/2021\/03\/Artboard-1.png","contentUrl":"https:\/\/baynana.es\/wp-content\/uploads\/2021\/03\/Artboard-1.png","width":315,"height":228,"caption":"\u0628\u064a\u0646\u0646\u0627 Baynana"},"image":{"@id":"https:\/\/baynana.es\/#\/schema\/logo\/image\/"},"sameAs":["https:\/\/www.facebook.com\/baynanaes","https:\/\/x.com\/baynanaes","https:\/\/www.instagram.com\/baynanaes\/","https:\/\/www.linkedin.com\/in\/baynana-\u0628\u064a\u0646\u0646\u0627-887599211\/","https:\/\/www.youtube.com\/channel\/UC3019bsq5wOpi61SOufKxPA"]}]}},"_links":{"self":[{"href":"https:\/\/baynana.es\/es\/wp-json\/wp\/v2\/pages\/4696","targetHints":{"allow":["GET"]}}],"collection":[{"href":"https:\/\/baynana.es\/es\/wp-json\/wp\/v2\/pages"}],"about":[{"href":"https:\/\/baynana.es\/es\/wp-json\/wp\/v2\/types\/page"}],"author":[{"embeddable":true,"href":"https:\/\/baynana.es\/es\/wp-json\/wp\/v2\/users\/1"}],"replies":[{"embeddable":true,"href":"https:\/\/baynana.es\/es\/wp-json\/wp\/v2\/comments?post=4696"}],"version-history":[{"count":48,"href":"https:\/\/baynana.es\/es\/wp-json\/wp\/v2\/pages\/4696\/revisions"}],"predecessor-version":[{"id":8757,"href":"https:\/\/baynana.es\/es\/wp-json\/wp\/v2\/pages\/4696\/revisions\/8757"}],"wp:attachment":[{"href":"https:\/\/baynana.es\/es\/wp-json\/wp\/v2\/media?parent=4696"}],"wp:term":[{"taxonomy":"author","embeddable":true,"href":"https:\/\/baynana.es\/es\/wp-json\/wp\/v2\/ppma_author?post=4696"}],"curies":[{"name":"wp","href":"https:\/\/api.w.org\/{rel}","templated":true}]}}