{"id":5515,"date":"2022-05-01T10:17:43","date_gmt":"2022-05-01T08:17:43","guid":{"rendered":"https:\/\/baynana.es\/?page_id=5515"},"modified":"2023-02-16T13:41:29","modified_gmt":"2023-02-16T12:41:29","slug":"ventajas-de-ser-socio-de-baynana","status":"publish","type":"page","link":"https:\/\/baynana.es\/es\/ventajas-de-ser-socio-de-baynana\/","title":{"rendered":"Ventajas de ser socio de Baynana"},"content":{"rendered":"\n<p>Baynana lanza su plataforma para hacerse socio despu\u00e9s de un a\u00f1o lleno de ilusi\u00f3n y mucho trabajo. Un trabajo que hemos podido sacar adelante gracias a personas como t\u00fa, que nos apoyaste con tu donaci\u00f3n. Gracias a a ti hemos podido dar a conocer grandes historias como la de <a href=\"https:\/\/baynana.es\/es\/de-huir-de-la-guerra-a-crear-un-negocio-solidario-en-espana\/\">Yousef y Lian<\/a>, o la de la <a href=\"https:\/\/baynana.es\/es\/entre-el-descuido-y-la-negligencia-la-odisea-de-una-nina-siria-con-cancer-en-espana\/\">familia Dumaramy<\/a>, hemos colaborado con medios tan importantes como La Marea en <a href=\"https:\/\/www.lamarea.com\/2022\/01\/28\/refugiados-sirios\/\">\u2018Especial sobre Siria\u2019<\/a>, <a href=\"https:\/\/www.courrierinternational.com\/article\/la-personne-suivre-samir-faranji-youtubeur-et-jeune-migrant-en-espagne-expert-du-micro\">Courrier International<\/a>, <a href=\"https:\/\/www.eldiario.es\/opinion\/tribuna-abierta\/ucrania-siria-dolor_129_8783175.html\">elDiario.es<\/a> o <a href=\"https:\/\/globalvoices.org\/2021\/09\/24\/syrian-migrants-fall-victims-to-human-trafficking-mafia-in-libyan-prisons\/\">Global Voices<\/a> y hemos participado en programas como Startups Lab Europe de Google, adem\u00e1s de nuestra presencia en el <a href=\"https:\/\/www.youtube.com\/watch?v=uU-fY6fTatA&amp;list=PLO4MRS1y9N4vRsbD4NOxEm3ivyimoO5lS&amp;index=9\">Congreso de Periodismo de Migraciones de M\u00e9rida<\/a>. Hemos conseguido llegar a m\u00e1s personas y, sobre todo, hemos podido tender puentes entre comunidades.<\/p>\n\n\n\n<p>Por ello, queremos agradecer tu colaboraci\u00f3n e invitarte a conocer las ventajas de hacerse socio de Baynana.&nbsp;<\/p>\n\n\n\n<ul class=\"beneficios wp-block-list\"><li>Taller de clases de \u00e1rabe: durante el mes de julio de 2023, modalidad online, una hora a la semana (4h en total) de \u00e1rabe de la mano de nuestro equipo de periodistas. <a class=\"masinfo\" href=\"#masinfo\">Me interesa<\/a> <div id=\"masinfo\" class=\"lightbox forminscripcion\"> <div class=\"modal\"> \n<div class=\"wpcf7 no-js\" id=\"wpcf7-f5519-o1\" lang=\"es-ES\" dir=\"ltr\" data-wpcf7-id=\"5519\">\n<div class=\"screen-reader-response\"><p role=\"status\" aria-live=\"polite\" aria-atomic=\"true\"><\/p> <ul><\/ul><\/div>\n<form action=\"\/es\/wp-json\/wp\/v2\/pages\/5515#wpcf7-f5519-o1\" method=\"post\" class=\"wpcf7-form init\" aria-label=\"Formulario de contacto\" novalidate=\"novalidate\" data-status=\"init\">\n<fieldset class=\"hidden-fields-container\"><input type=\"hidden\" name=\"_wpcf7\" value=\"5519\" \/><input type=\"hidden\" name=\"_wpcf7_version\" value=\"6.1\" \/><input type=\"hidden\" name=\"_wpcf7_locale\" value=\"es_ES\" \/><input type=\"hidden\" name=\"_wpcf7_unit_tag\" value=\"wpcf7-f5519-o1\" \/><input type=\"hidden\" name=\"_wpcf7_container_post\" value=\"0\" \/><input type=\"hidden\" name=\"_wpcf7_posted_data_hash\" value=\"\" \/>\n<\/fieldset>\n<div class=\"banner news\">\n\t<h2>Inscr\u00edbete\n\t<\/h2>\n\t<p><span class=\"wpcf7-form-control-wrap\" data-name=\"nombre\"><input size=\"40\" maxlength=\"400\" class=\"wpcf7-form-control wpcf7-text wpcf7-validates-as-required\" aria-required=\"true\" aria-invalid=\"false\" placeholder=\"Nombre\" value=\"\" type=\"text\" name=\"nombre\" \/><\/span>\n\t<\/p>\n\t<p><span class=\"wpcf7-form-control-wrap\" data-name=\"apellidos\"><input size=\"40\" maxlength=\"400\" class=\"wpcf7-form-control wpcf7-text wpcf7-validates-as-required\" aria-required=\"true\" aria-invalid=\"false\" placeholder=\"Apellidos\" value=\"\" type=\"text\" name=\"apellidos\" \/><\/span>\n\t<\/p>\n\t<p><span class=\"wpcf7-form-control-wrap\" data-name=\"correo\"><input size=\"40\" maxlength=\"400\" class=\"wpcf7-form-control wpcf7-email wpcf7-validates-as-required wpcf7-text wpcf7-validates-as-email\" aria-required=\"true\" aria-invalid=\"false\" placeholder=\"Email\" value=\"\" type=\"email\" name=\"correo\" \/><\/span>\n\t<\/p>\n\t<p><span class=\"wpcf7-form-control-wrap\" data-name=\"telefono\"><input size=\"40\" maxlength=\"400\" class=\"wpcf7-form-control wpcf7-tel wpcf7-validates-as-required wpcf7-text wpcf7-validates-as-tel\" aria-required=\"true\" aria-invalid=\"false\" placeholder=\"Tel\u00e9fono\" value=\"\" type=\"tel\" name=\"telefono\" \/><\/span>\n\t<\/p>\n\t<p><span class=\"wpcf7-form-control-wrap\" data-name=\"acceptance-787\"><span class=\"wpcf7-form-control wpcf7-acceptance\"><span class=\"wpcf7-list-item\"><label><input type=\"checkbox\" name=\"acceptance-787\" value=\"1\" aria-invalid=\"false\" \/><span class=\"wpcf7-list-item-label\">He leido y acepto la <a href=\"https:\/\/baynana.es\/es\/politica-de-privacidad\/\" target=\"_blank\" rel=\"follow\">Pol\u00edtica de Privacidad<\/a><\/span><\/label><\/span><\/span><\/span>\n\t<\/p>\n\t<p><input class=\"wpcf7-form-control wpcf7-submit has-spinner\" type=\"submit\" value=\"Enviar\" \/>\n\t<\/p>\n<\/div><div class=\"wpcf7-response-output\" aria-hidden=\"true\"><\/div>\n<\/form>\n<\/div>\n <a href=\"#\">Cerrar<\/a> <\/div> <\/div><\/li><li>Tour Madrid-Siria: nuestros compa\u00f1eros <a href=\"https:\/\/baynana.es\/es\/author\/ayham\/\">Ayham Al-Greeb<\/a> y <a href=\"https:\/\/baynana.es\/es\/author\/mousa\/\">Moussa Al-Jamaat<\/a> realizan un tour hist\u00f3rico por Madrid titulado \u2018De Siria a Madrid: dignidad de la memoria\u2019. El tour se centra en la relaci\u00f3n de la capital con el mundo \u00e1rabe, las comparaciones entre la Guerra de Siria y la Guerra Civil Espa\u00f1ola y la experiencia de Ayham y Moussa como periodistas de guerra. El precio est\u00e1ndar son 10\u20ac\/persona, por ser suscriptor de Baynana te ofrecemos un 50%. Se va realizando en funci\u00f3n de la demanda los s\u00e1bados y\/o domingos de 10:30h a 13h.\u00a0 <a class=\"masinfo\" href=\"#masinfo2\">Me interesa<\/a>   <div id=\"masinfo2\" class=\"lightbox forminscripcion\"> <div class=\"modal\"> \n<div class=\"wpcf7 no-js\" id=\"wpcf7-f5524-o2\" lang=\"es-ES\" dir=\"ltr\" data-wpcf7-id=\"5524\">\n<div class=\"screen-reader-response\"><p role=\"status\" aria-live=\"polite\" aria-atomic=\"true\"><\/p> <ul><\/ul><\/div>\n<form action=\"\/es\/wp-json\/wp\/v2\/pages\/5515#wpcf7-f5524-o2\" method=\"post\" class=\"wpcf7-form init\" aria-label=\"Formulario de contacto\" novalidate=\"novalidate\" data-status=\"init\">\n<fieldset class=\"hidden-fields-container\"><input type=\"hidden\" name=\"_wpcf7\" value=\"5524\" \/><input type=\"hidden\" name=\"_wpcf7_version\" value=\"6.1\" \/><input type=\"hidden\" name=\"_wpcf7_locale\" value=\"es_ES\" \/><input type=\"hidden\" name=\"_wpcf7_unit_tag\" value=\"wpcf7-f5524-o2\" \/><input type=\"hidden\" name=\"_wpcf7_container_post\" value=\"0\" \/><input type=\"hidden\" name=\"_wpcf7_posted_data_hash\" value=\"\" \/>\n<\/fieldset>\n<p><span class=\"wpcf7-form-control-wrap\" data-name=\"nombre\"><input size=\"40\" maxlength=\"400\" class=\"wpcf7-form-control wpcf7-text wpcf7-validates-as-required\" aria-required=\"true\" aria-invalid=\"false\" placeholder=\"Nombre\" value=\"\" type=\"text\" name=\"nombre\" \/><\/span>\n<\/p>\n<p><span class=\"wpcf7-form-control-wrap\" data-name=\"apellidos\"><input size=\"40\" maxlength=\"400\" class=\"wpcf7-form-control wpcf7-text wpcf7-validates-as-required\" aria-required=\"true\" aria-invalid=\"false\" placeholder=\"Apellidos\" value=\"\" type=\"text\" name=\"apellidos\" \/><\/span>\n<\/p>\n<p><span class=\"wpcf7-form-control-wrap\" data-name=\"correo\"><input size=\"40\" maxlength=\"400\" class=\"wpcf7-form-control wpcf7-email wpcf7-validates-as-required wpcf7-text wpcf7-validates-as-email\" aria-required=\"true\" aria-invalid=\"false\" placeholder=\"Email\" value=\"\" type=\"email\" name=\"correo\" \/><\/span>\n<\/p>\n<p><br \/>\n<label>Qu\u00e9 d\u00eda puedes asistir<\/label><br \/>\n<span class=\"wpcf7-form-control-wrap\" data-name=\"diahora\"><span class=\"wpcf7-form-control wpcf7-radio\"><span class=\"wpcf7-list-item first\"><label><input type=\"radio\" name=\"diahora\" value=\"10 de Julio\" checked=\"checked\" \/><span class=\"wpcf7-list-item-label\">10 de Julio<\/span><\/label><\/span><span class=\"wpcf7-list-item\"><label><input type=\"radio\" name=\"diahora\" value=\"17 de Julio\" \/><span class=\"wpcf7-list-item-label\">17 de Julio<\/span><\/label><\/span><span class=\"wpcf7-list-item\"><label><input type=\"radio\" name=\"diahora\" value=\"24 de Julio\" \/><span class=\"wpcf7-list-item-label\">24 de Julio<\/span><\/label><\/span><span class=\"wpcf7-list-item last\"><label><input type=\"radio\" name=\"diahora\" value=\"31 de Julio\" \/><span class=\"wpcf7-list-item-label\">31 de Julio<\/span><\/label><\/span><\/span><\/span>\n<\/p>\n<p><span class=\"wpcf7-form-control-wrap\" data-name=\"acceptance-787\"><span class=\"wpcf7-form-control wpcf7-acceptance\"><span class=\"wpcf7-list-item\"><label><input type=\"checkbox\" name=\"acceptance-787\" value=\"1\" aria-invalid=\"false\" \/><span class=\"wpcf7-list-item-label\">He leido y acepto la <a href=\"https:\/\/baynana.es\/es\/politica-de-privacidad\/\" target=\"_blank\" rel=\"follow\">Pol\u00edtica de Privacidad<\/a><\/span><\/label><\/span><\/span><\/span><br \/>\n<input class=\"wpcf7-form-control wpcf7-submit has-spinner\" type=\"submit\" value=\"Enviar\" \/>\n<\/p><div class=\"wpcf7-response-output\" aria-hidden=\"true\"><\/div>\n<\/form>\n<\/div>\n <a href=\"#\">Cerrar<\/a> <\/div> <\/div><\/li><li> <a class=\"masinfo\" href=\"#masinfo3\">Me interesa<\/a> <div id=\"masinfo3\" class=\"lightbox forminscripcion\"> <div class=\"modal\"> \n<div class=\"wpcf7 no-js\" id=\"wpcf7-f5526-o3\" lang=\"es-ES\" dir=\"ltr\" data-wpcf7-id=\"5526\">\n<div class=\"screen-reader-response\"><p role=\"status\" aria-live=\"polite\" aria-atomic=\"true\"><\/p> <ul><\/ul><\/div>\n<form action=\"\/es\/wp-json\/wp\/v2\/pages\/5515#wpcf7-f5526-o3\" method=\"post\" class=\"wpcf7-form init\" aria-label=\"Formulario de contacto\" novalidate=\"novalidate\" data-status=\"init\">\n<fieldset class=\"hidden-fields-container\"><input type=\"hidden\" name=\"_wpcf7\" value=\"5526\" \/><input type=\"hidden\" name=\"_wpcf7_version\" value=\"6.1\" \/><input type=\"hidden\" name=\"_wpcf7_locale\" value=\"es_ES\" \/><input type=\"hidden\" name=\"_wpcf7_unit_tag\" value=\"wpcf7-f5526-o3\" \/><input type=\"hidden\" name=\"_wpcf7_container_post\" value=\"0\" \/><input type=\"hidden\" name=\"_wpcf7_posted_data_hash\" value=\"\" \/>\n<\/fieldset>\n<p><span class=\"wpcf7-form-control-wrap\" data-name=\"nombre\"><input size=\"40\" maxlength=\"400\" class=\"wpcf7-form-control wpcf7-text wpcf7-validates-as-required\" aria-required=\"true\" aria-invalid=\"false\" placeholder=\"Nombre\" value=\"\" type=\"text\" name=\"nombre\" \/><\/span>\n<\/p>\n<p><span class=\"wpcf7-form-control-wrap\" data-name=\"apellidos\"><input size=\"40\" maxlength=\"400\" class=\"wpcf7-form-control wpcf7-text wpcf7-validates-as-required\" aria-required=\"true\" aria-invalid=\"false\" placeholder=\"Apellidos\" value=\"\" type=\"text\" name=\"apellidos\" \/><\/span>\n<\/p>\n<p><span class=\"wpcf7-form-control-wrap\" data-name=\"correo\"><input size=\"40\" maxlength=\"400\" class=\"wpcf7-form-control wpcf7-email wpcf7-validates-as-required wpcf7-text wpcf7-validates-as-email\" aria-required=\"true\" aria-invalid=\"false\" placeholder=\"Email\" value=\"\" type=\"email\" name=\"correo\" \/><\/span>\n<\/p>\n<p><br \/>\n<label>Quieres traer un amigo<\/label><br \/>\n<span class=\"wpcf7-form-control-wrap\" data-name=\"diahora\"><span class=\"wpcf7-form-control wpcf7-radio\"><span class=\"wpcf7-list-item first\"><label><input type=\"radio\" name=\"diahora\" value=\"Si\" checked=\"checked\" \/><span class=\"wpcf7-list-item-label\">Si<\/span><\/label><\/span><span class=\"wpcf7-list-item last\"><label><input type=\"radio\" name=\"diahora\" value=\"No\" \/><span class=\"wpcf7-list-item-label\">No<\/span><\/label><\/span><\/span><\/span>\n<\/p>\n<p><span class=\"wpcf7-form-control-wrap\" data-name=\"amigo\"><input size=\"40\" maxlength=\"400\" class=\"wpcf7-form-control wpcf7-text\" aria-invalid=\"false\" placeholder=\"Nombre de tu acompa\u00f1ante\" value=\"\" type=\"text\" name=\"amigo\" \/><\/span>\n<\/p>\n<p><span class=\"wpcf7-form-control-wrap\" data-name=\"acceptance-787\"><span class=\"wpcf7-form-control wpcf7-acceptance\"><span class=\"wpcf7-list-item\"><label><input type=\"checkbox\" name=\"acceptance-787\" value=\"1\" aria-invalid=\"false\" \/><span class=\"wpcf7-list-item-label\">He leido y acepto la <a href=\"https:\/\/baynana.es\/es\/politica-de-privacidad\/\" target=\"_blank\" rel=\"follow\">Pol\u00edtica de Privacidad<\/a><\/span><\/label><\/span><\/span><\/span><br \/>\n<input class=\"wpcf7-form-control wpcf7-submit has-spinner\" type=\"submit\" value=\"Enviar\" \/>\n<\/p><div class=\"wpcf7-response-output\" aria-hidden=\"true\"><\/div>\n<\/form>\n<\/div>\n <a href=\"#\">Cerrar<\/a> <\/div> <\/div><\/li><\/ul>\n\n\n\n<p>*Las inscripciones se podr\u00e1n hacer a trav\u00e9s de unos formularios que os haremos llegar a vuestro correo electr\u00f3nico. Muchas gracias.<\/p>\n\n\n\n<h2 class=\"wp-block-heading\">M\u00e1s sobre Baynana<\/h2>\n\n\n\n<p>Colaboramos con La Marea, con el apoyo del <a href=\"https:\/\/newsspectrum.eu\/projects\/syrian-refugees-in-spain\/\">Instituto Internacional de Prensa<\/a>, en un <a href=\"https:\/\/www.lamarea.com\/2022\/01\/28\/refugiados-sirios\/\">\u2018Especial sobre Siria\u2019<\/a>. Una serie de reportajes sobre la situaci\u00f3n de los refugiados sirios en Espa\u00f1a \u00fanica por su nivel de detalle y su propuesta en <a href=\"https:\/\/baynana.es\/%d8%b7%d8%a8%d9%82%d8%a7%d8%aa-%d9%85%d9%86-%d8%a7%d9%84%d9%83%d8%b1%d8%a7%d9%87%d9%8a%d8%a9\/\">\u00e1rabe<\/a> y espa\u00f1ol.<\/p>\n\n\n\n<ul class=\"wp-block-list\"><li>Hemos salido ah\u00ed fuera para hablar sobre migraci\u00f3n. Compartimos algunos de nuestros art\u00edculos en medios como <a href=\"https:\/\/www.courrierinternational.com\/article\/la-personne-suivre-samir-faranji-youtubeur-et-jeune-migrant-en-espagne-expert-du-micro\">Courrier International<\/a>, <a href=\"https:\/\/www.eldiario.es\/opinion\/tribuna-abierta\/ucrania-siria-dolor_129_8783175.html\">elDiario.es<\/a>, <a href=\"https:\/\/globalvoices.org\/2021\/09\/24\/syrian-migrants-fall-victims-to-human-trafficking-mafia-in-libyan-prisons\/\">Global Voices<\/a> y Equal Times, en ocasiones traducidos al franc\u00e9s y al ingl\u00e9s.&nbsp;<\/li><\/ul>\n\n\n\n<ul class=\"wp-block-list\"><li>Tambi\u00e9n participamos en congresos de periodismo para hablar de nuestro proyecto, como el <a href=\"https:\/\/www.youtube.com\/watch?v=uU-fY6fTatA&amp;list=PLO4MRS1y9N4vRsbD4NOxEm3ivyimoO5lS&amp;index=9\">Congreso de Periodismo de Migraciones de M\u00e9rida<\/a> organizado por la Fundaci\u00f3n PorCausa y AEXCID o el <a href=\"https:\/\/www.youtube.com\/watch?v=QAxZJ7IpFe4\">Congreso de Periodismo de Huesca<\/a>.&nbsp;<\/li><\/ul>\n\n\n\n<ul class=\"wp-block-list\"><li>La mayor\u00eda de los medios generalistas en Espa\u00f1a <a href=\"https:\/\/baynana.es\/es\/en-prensa\/\">han hablado sobre nosotros<\/a>.<\/li><\/ul>\n\n\n\n<ul class=\"wp-block-list\"><li>Fuimos seleccionados para el programa <a href=\"https:\/\/www.gnistartupslab.com\/europe\">Startups Lab Europe<\/a> de Google News Initiative, que imparte Media Lab Bayern, junto con otros nueve medios europeos innovadores y que sirven a minor\u00edas.<\/li><\/ul>\n\n\n\n<ul class=\"wp-block-list\"><li>Contamos historias personales de decenas de migrantes. Historias que inspiran como la de <a href=\"https:\/\/baynana.es\/es\/de-huir-de-la-guerra-a-crear-un-negocio-solidario-en-espana\/\">Yousef y Lian<\/a>, historias de comunidades que luchan por sus derechos como las de la asociaci\u00f3n de madres de la <a href=\"https:\/\/baynana.es\/es\/las-mujeres-de-la-canada-real-entre-la-realidad-y-la-resistencia-a-los-desafios\/\">Ca\u00f1ada Real<\/a> o historias que despiertan indignaci\u00f3n como la de la <a href=\"https:\/\/baynana.es\/es\/entre-el-descuido-y-la-negligencia-la-odisea-de-una-nina-siria-con-cancer-en-espana\/\">familia Dumaramy<\/a>.<\/li><\/ul>\n\n\n\n<p>Y por supuesto hablamos sobre migraci\u00f3n con may\u00fasculas, como los cambios en las <a href=\"https:\/\/baynana.es\/es\/migrantes-cambian-ruta-de-vuelo-de-italia-a-espana\/\">rutas migratorias<\/a> hacia Espa\u00f1a o la situaci\u00f3n en las <a href=\"https:\/\/baynana.es\/es\/el-infierno-de-las-carceles-libias-contado-por-sirios-detenidos-en-ellas\/\">c\u00e1rceles libias<\/a>.<\/p>\n","protected":false},"excerpt":{"rendered":"<p>Baynana lanza su plataforma para hacerse socio despu\u00e9s de un a\u00f1o lleno de ilusi\u00f3n y mucho trabajo. Un trabajo que hemos podido sacar adelante gracias a personas como t\u00fa, que nos apoyaste con tu donaci\u00f3n. Gracias a a ti hemos podido dar a conocer grandes historias como la de Yousef y Lian, o la de &hellip;<\/p>\n","protected":false},"author":1,"featured_media":0,"parent":0,"menu_order":0,"comment_status":"closed","ping_status":"closed","template":"","meta":{"inline_featured_image":false,"footnotes":""},"ppma_author":[504],"class_list":["post-5515","page","type-page","status-publish","hentry"],"acf":[],"yoast_head":"<!-- This site is optimized with the Yoast SEO plugin v25.3.1 - https:\/\/yoast.com\/wordpress\/plugins\/seo\/ -->\n<title>Ventajas de ser socio de Baynana - Baynana \u0628\u064a\u0646\u0646\u0627<\/title>\n<meta name=\"robots\" content=\"index, follow, max-snippet:-1, max-image-preview:large, max-video-preview:-1\" \/>\n<link rel=\"canonical\" href=\"https:\/\/baynana.es\/es\/ventajas-de-ser-socio-de-baynana\/\" \/>\n<meta property=\"og:locale\" content=\"es_ES\" \/>\n<meta property=\"og:type\" content=\"article\" \/>\n<meta property=\"og:title\" content=\"Ventajas de ser socio de Baynana - Baynana \u0628\u064a\u0646\u0646\u0627\" \/>\n<meta property=\"og:description\" content=\"Baynana lanza su plataforma para hacerse socio despu\u00e9s de un a\u00f1o lleno de ilusi\u00f3n y mucho trabajo. Un trabajo que hemos podido sacar adelante gracias a personas como t\u00fa, que nos apoyaste con tu donaci\u00f3n. Gracias a a ti hemos podido dar a conocer grandes historias como la de Yousef y Lian, o la de &hellip;\" \/>\n<meta property=\"og:url\" content=\"https:\/\/baynana.es\/es\/ventajas-de-ser-socio-de-baynana\/\" \/>\n<meta property=\"og:site_name\" content=\"Baynana \u0628\u064a\u0646\u0646\u0627\" \/>\n<meta property=\"article:publisher\" content=\"https:\/\/www.facebook.com\/baynanaes\" \/>\n<meta property=\"article:modified_time\" content=\"2023-02-16T12:41:29+00:00\" \/>\n<meta name=\"twitter:card\" content=\"summary_large_image\" \/>\n<meta name=\"twitter:site\" content=\"@baynanaes\" \/>\n<meta name=\"twitter:label1\" content=\"Tiempo de lectura\" \/>\n\t<meta name=\"twitter:data1\" content=\"4 minutos\" \/>\n<script type=\"application\/ld+json\" class=\"yoast-schema-graph\">{\"@context\":\"https:\/\/schema.org\",\"@graph\":[{\"@type\":\"WebPage\",\"@id\":\"https:\/\/baynana.es\/es\/ventajas-de-ser-socio-de-baynana\/\",\"url\":\"https:\/\/baynana.es\/es\/ventajas-de-ser-socio-de-baynana\/\",\"name\":\"Ventajas de ser socio de Baynana - Baynana \u0628\u064a\u0646\u0646\u0627\",\"isPartOf\":{\"@id\":\"https:\/\/baynana.es\/#website\"},\"datePublished\":\"2022-05-01T08:17:43+00:00\",\"dateModified\":\"2023-02-16T12:41:29+00:00\",\"breadcrumb\":{\"@id\":\"https:\/\/baynana.es\/es\/ventajas-de-ser-socio-de-baynana\/#breadcrumb\"},\"inLanguage\":\"es\",\"potentialAction\":[{\"@type\":\"ReadAction\",\"target\":[\"https:\/\/baynana.es\/es\/ventajas-de-ser-socio-de-baynana\/\"]}]},{\"@type\":\"BreadcrumbList\",\"@id\":\"https:\/\/baynana.es\/es\/ventajas-de-ser-socio-de-baynana\/#breadcrumb\",\"itemListElement\":[{\"@type\":\"ListItem\",\"position\":1,\"name\":\"Portada\",\"item\":\"https:\/\/baynana.es\/es\/\"},{\"@type\":\"ListItem\",\"position\":2,\"name\":\"Ventajas de ser socio de Baynana\"}]},{\"@type\":\"WebSite\",\"@id\":\"https:\/\/baynana.es\/#website\",\"url\":\"https:\/\/baynana.es\/\",\"name\":\"Baynana \u0628\u064a\u0646\u0646\u0627\",\"description\":\"Baynana Revista \u0645\u062c\u0644\u0629 \u0628\u064a\u0646\u0646\u0627\",\"publisher\":{\"@id\":\"https:\/\/baynana.es\/#organization\"},\"potentialAction\":[{\"@type\":\"SearchAction\",\"target\":{\"@type\":\"EntryPoint\",\"urlTemplate\":\"https:\/\/baynana.es\/?s={search_term_string}\"},\"query-input\":{\"@type\":\"PropertyValueSpecification\",\"valueRequired\":true,\"valueName\":\"search_term_string\"}}],\"inLanguage\":\"es\"},{\"@type\":\"Organization\",\"@id\":\"https:\/\/baynana.es\/#organization\",\"name\":\"\u0628\u064a\u0646\u0646\u0627 Baynana\",\"url\":\"https:\/\/baynana.es\/\",\"logo\":{\"@type\":\"ImageObject\",\"inLanguage\":\"es\",\"@id\":\"https:\/\/baynana.es\/#\/schema\/logo\/image\/\",\"url\":\"https:\/\/baynana.es\/wp-content\/uploads\/2021\/03\/Artboard-1.png\",\"contentUrl\":\"https:\/\/baynana.es\/wp-content\/uploads\/2021\/03\/Artboard-1.png\",\"width\":315,\"height\":228,\"caption\":\"\u0628\u064a\u0646\u0646\u0627 Baynana\"},\"image\":{\"@id\":\"https:\/\/baynana.es\/#\/schema\/logo\/image\/\"},\"sameAs\":[\"https:\/\/www.facebook.com\/baynanaes\",\"https:\/\/x.com\/baynanaes\",\"https:\/\/www.instagram.com\/baynanaes\/\",\"https:\/\/www.linkedin.com\/in\/baynana-\u0628\u064a\u0646\u0646\u0627-887599211\/\",\"https:\/\/www.youtube.com\/channel\/UC3019bsq5wOpi61SOufKxPA\"]}]}<\/script>\n<!-- \/ Yoast SEO plugin. -->","yoast_head_json":{"title":"Ventajas de ser socio de Baynana - Baynana \u0628\u064a\u0646\u0646\u0627","robots":{"index":"index","follow":"follow","max-snippet":"max-snippet:-1","max-image-preview":"max-image-preview:large","max-video-preview":"max-video-preview:-1"},"canonical":"https:\/\/baynana.es\/es\/ventajas-de-ser-socio-de-baynana\/","og_locale":"es_ES","og_type":"article","og_title":"Ventajas de ser socio de Baynana - Baynana \u0628\u064a\u0646\u0646\u0627","og_description":"Baynana lanza su plataforma para hacerse socio despu\u00e9s de un a\u00f1o lleno de ilusi\u00f3n y mucho trabajo. Un trabajo que hemos podido sacar adelante gracias a personas como t\u00fa, que nos apoyaste con tu donaci\u00f3n. Gracias a a ti hemos podido dar a conocer grandes historias como la de Yousef y Lian, o la de &hellip;","og_url":"https:\/\/baynana.es\/es\/ventajas-de-ser-socio-de-baynana\/","og_site_name":"Baynana \u0628\u064a\u0646\u0646\u0627","article_publisher":"https:\/\/www.facebook.com\/baynanaes","article_modified_time":"2023-02-16T12:41:29+00:00","twitter_card":"summary_large_image","twitter_site":"@baynanaes","twitter_misc":{"Tiempo de lectura":"4 minutos"},"schema":{"@context":"https:\/\/schema.org","@graph":[{"@type":"WebPage","@id":"https:\/\/baynana.es\/es\/ventajas-de-ser-socio-de-baynana\/","url":"https:\/\/baynana.es\/es\/ventajas-de-ser-socio-de-baynana\/","name":"Ventajas de ser socio de Baynana - Baynana \u0628\u064a\u0646\u0646\u0627","isPartOf":{"@id":"https:\/\/baynana.es\/#website"},"datePublished":"2022-05-01T08:17:43+00:00","dateModified":"2023-02-16T12:41:29+00:00","breadcrumb":{"@id":"https:\/\/baynana.es\/es\/ventajas-de-ser-socio-de-baynana\/#breadcrumb"},"inLanguage":"es","potentialAction":[{"@type":"ReadAction","target":["https:\/\/baynana.es\/es\/ventajas-de-ser-socio-de-baynana\/"]}]},{"@type":"BreadcrumbList","@id":"https:\/\/baynana.es\/es\/ventajas-de-ser-socio-de-baynana\/#breadcrumb","itemListElement":[{"@type":"ListItem","position":1,"name":"Portada","item":"https:\/\/baynana.es\/es\/"},{"@type":"ListItem","position":2,"name":"Ventajas de ser socio de Baynana"}]},{"@type":"WebSite","@id":"https:\/\/baynana.es\/#website","url":"https:\/\/baynana.es\/","name":"Baynana \u0628\u064a\u0646\u0646\u0627","description":"Baynana Revista \u0645\u062c\u0644\u0629 \u0628\u064a\u0646\u0646\u0627","publisher":{"@id":"https:\/\/baynana.es\/#organization"},"potentialAction":[{"@type":"SearchAction","target":{"@type":"EntryPoint","urlTemplate":"https:\/\/baynana.es\/?s={search_term_string}"},"query-input":{"@type":"PropertyValueSpecification","valueRequired":true,"valueName":"search_term_string"}}],"inLanguage":"es"},{"@type":"Organization","@id":"https:\/\/baynana.es\/#organization","name":"\u0628\u064a\u0646\u0646\u0627 Baynana","url":"https:\/\/baynana.es\/","logo":{"@type":"ImageObject","inLanguage":"es","@id":"https:\/\/baynana.es\/#\/schema\/logo\/image\/","url":"https:\/\/baynana.es\/wp-content\/uploads\/2021\/03\/Artboard-1.png","contentUrl":"https:\/\/baynana.es\/wp-content\/uploads\/2021\/03\/Artboard-1.png","width":315,"height":228,"caption":"\u0628\u064a\u0646\u0646\u0627 Baynana"},"image":{"@id":"https:\/\/baynana.es\/#\/schema\/logo\/image\/"},"sameAs":["https:\/\/www.facebook.com\/baynanaes","https:\/\/x.com\/baynanaes","https:\/\/www.instagram.com\/baynanaes\/","https:\/\/www.linkedin.com\/in\/baynana-\u0628\u064a\u0646\u0646\u0627-887599211\/","https:\/\/www.youtube.com\/channel\/UC3019bsq5wOpi61SOufKxPA"]}]}},"_links":{"self":[{"href":"https:\/\/baynana.es\/es\/wp-json\/wp\/v2\/pages\/5515","targetHints":{"allow":["GET"]}}],"collection":[{"href":"https:\/\/baynana.es\/es\/wp-json\/wp\/v2\/pages"}],"about":[{"href":"https:\/\/baynana.es\/es\/wp-json\/wp\/v2\/types\/page"}],"author":[{"embeddable":true,"href":"https:\/\/baynana.es\/es\/wp-json\/wp\/v2\/users\/1"}],"replies":[{"embeddable":true,"href":"https:\/\/baynana.es\/es\/wp-json\/wp\/v2\/comments?post=5515"}],"version-history":[{"count":12,"href":"https:\/\/baynana.es\/es\/wp-json\/wp\/v2\/pages\/5515\/revisions"}],"predecessor-version":[{"id":6863,"href":"https:\/\/baynana.es\/es\/wp-json\/wp\/v2\/pages\/5515\/revisions\/6863"}],"wp:attachment":[{"href":"https:\/\/baynana.es\/es\/wp-json\/wp\/v2\/media?parent=5515"}],"wp:term":[{"taxonomy":"author","embeddable":true,"href":"https:\/\/baynana.es\/es\/wp-json\/wp\/v2\/ppma_author?post=5515"}],"curies":[{"name":"wp","href":"https:\/\/api.w.org\/{rel}","templated":true}]}}