{"id":7136,"date":"2023-04-14T12:17:41","date_gmt":"2023-04-14T10:17:41","guid":{"rendered":"https:\/\/baynana.es\/?page_id=7136"},"modified":"2023-04-14T12:18:09","modified_gmt":"2023-04-14T10:18:09","slug":"clases-de-arabe","status":"publish","type":"page","link":"https:\/\/baynana.es\/es\/clases-de-arabe\/","title":{"rendered":"Clases de \u00c1rabe"},"content":{"rendered":"\n<div class=\"wp-block-columns is-layout-flex wp-container-core-columns-is-layout-9d6595d7 wp-block-columns-is-layout-flex\">\n<div class=\"wp-block-column is-layout-flow wp-block-column-is-layout-flow\" style=\"flex-basis:66.66%\">\n<p>Ofrecemos un servicio de clases de \u00e1rabe impartidas por profesores nativos altamente cualificados. Nuestro objetivo es brindar a los estudiantes la oportunidad de <strong>aprender \u00e1rabe moderno de una manera efectiva y aut\u00e9ntica<\/strong>, y al mismo tiempo, ayudar a un proyecto que aboga por el periodismo libre y la uni\u00f3n entre las culturas \u00e1rabe y espa\u00f1ola. El 70% de la cuota de nuestras clases ir\u00e1 directamente para los profesores nativos, lo que les permite continuar compartiendo su conocimiento y cultura con los estudiantes.<\/p>\n\n\n\n<p>Adem\u00e1s, al unirte a nuestras clases de \u00e1rabe, estar\u00e1s contribuyendo a un proyecto que aboga por el periodismo libre y la uni\u00f3n entre las culturas \u00e1rabe y espa\u00f1ola.<strong> El 30% de la cuota de nuestras clases ir\u00e1 a la revista Baynana<\/strong>, un proyecto que tiene como objetivo promover la libertad de prensa y la pluralidad de ideas en los pa\u00edses \u00e1rabes y en Espa\u00f1a. Al unirte a nosotros, no solo estar\u00e1s aprendiendo un nuevo idioma y una nueva cultura, sino que tambi\u00e9n estar\u00e1s apoyando una causa noble y necesaria.<\/p>\n\n\n\n<p><strong>Cuota: 20\u20ac \/ hora<\/strong><\/p>\n<\/div>\n\n\n\n<div class=\"wp-block-column is-layout-flow wp-block-column-is-layout-flow\" style=\"flex-basis:33.33%\">\n<div class=\"wpcf7 no-js\" id=\"wpcf7-f5519-o1\" lang=\"es-ES\" dir=\"ltr\" data-wpcf7-id=\"5519\">\n<div class=\"screen-reader-response\"><p role=\"status\" aria-live=\"polite\" aria-atomic=\"true\"><\/p> <ul><\/ul><\/div>\n<form action=\"\/es\/wp-json\/wp\/v2\/pages\/7136#wpcf7-f5519-o1\" method=\"post\" class=\"wpcf7-form init\" aria-label=\"Formulario de contacto\" novalidate=\"novalidate\" data-status=\"init\">\n<fieldset class=\"hidden-fields-container\"><input type=\"hidden\" name=\"_wpcf7\" value=\"5519\" \/><input type=\"hidden\" name=\"_wpcf7_version\" value=\"6.1\" \/><input type=\"hidden\" name=\"_wpcf7_locale\" value=\"es_ES\" \/><input type=\"hidden\" name=\"_wpcf7_unit_tag\" value=\"wpcf7-f5519-o1\" \/><input type=\"hidden\" name=\"_wpcf7_container_post\" value=\"0\" \/><input type=\"hidden\" name=\"_wpcf7_posted_data_hash\" value=\"\" \/>\n<\/fieldset>\n<div class=\"banner news\">\n\t<h2>Inscr\u00edbete\n\t<\/h2>\n\t<p><span class=\"wpcf7-form-control-wrap\" data-name=\"nombre\"><input size=\"40\" maxlength=\"400\" class=\"wpcf7-form-control wpcf7-text wpcf7-validates-as-required\" aria-required=\"true\" aria-invalid=\"false\" placeholder=\"Nombre\" value=\"\" type=\"text\" name=\"nombre\" \/><\/span>\n\t<\/p>\n\t<p><span class=\"wpcf7-form-control-wrap\" data-name=\"apellidos\"><input size=\"40\" maxlength=\"400\" class=\"wpcf7-form-control wpcf7-text wpcf7-validates-as-required\" aria-required=\"true\" aria-invalid=\"false\" placeholder=\"Apellidos\" value=\"\" type=\"text\" name=\"apellidos\" \/><\/span>\n\t<\/p>\n\t<p><span class=\"wpcf7-form-control-wrap\" data-name=\"correo\"><input size=\"40\" maxlength=\"400\" class=\"wpcf7-form-control wpcf7-email wpcf7-validates-as-required wpcf7-text wpcf7-validates-as-email\" aria-required=\"true\" aria-invalid=\"false\" placeholder=\"Email\" value=\"\" type=\"email\" name=\"correo\" \/><\/span>\n\t<\/p>\n\t<p><span class=\"wpcf7-form-control-wrap\" data-name=\"telefono\"><input size=\"40\" maxlength=\"400\" class=\"wpcf7-form-control wpcf7-tel wpcf7-validates-as-required wpcf7-text wpcf7-validates-as-tel\" aria-required=\"true\" aria-invalid=\"false\" placeholder=\"Tel\u00e9fono\" value=\"\" type=\"tel\" name=\"telefono\" \/><\/span>\n\t<\/p>\n\t<p><span class=\"wpcf7-form-control-wrap\" data-name=\"acceptance-787\"><span class=\"wpcf7-form-control wpcf7-acceptance\"><span class=\"wpcf7-list-item\"><label><input type=\"checkbox\" name=\"acceptance-787\" value=\"1\" aria-invalid=\"false\" \/><span class=\"wpcf7-list-item-label\">He leido y acepto la <a href=\"https:\/\/baynana.es\/es\/politica-de-privacidad\/\" target=\"_blank\" rel=\"follow\">Pol\u00edtica de Privacidad<\/a><\/span><\/label><\/span><\/span><\/span>\n\t<\/p>\n\t<p><input class=\"wpcf7-form-control wpcf7-submit has-spinner\" type=\"submit\" value=\"Enviar\" \/>\n\t<\/p>\n<\/div><div class=\"wpcf7-response-output\" aria-hidden=\"true\"><\/div>\n<\/form>\n<\/div>\n\n<\/div>\n<\/div>\n\n\n\n<h2>Nuestros Profesores<\/h2>\n<div class=\"equipo\">\n<div class=\"item\"><img decoding=\"async\" src=\"https:\/\/baynana.es\/test\/wp-content\/uploads\/2021\/01\/ayhamm.jpg\">\n<div class=\"contenido\"><strong>Ayham Al-Sati<\/strong> <em>Redactor \/ Editor<\/em>\n<div class=\"redes\">@ayham_greeb<\/div>\n<p>Estudi\u00f3 Literatura \u00c1rabe en la Universidad de Damasco. Desde el inicio de la guerra en Siria, ha trabajado como reportero y tambi\u00e9n en el sector educativo con varias organizaciones humanitarias. Vive en Espa\u00f1a desde mediados de 2019, donde es profesor de \u00e1rabe, y periodista y editor en Baynana.<\/p>\n<\/div>\n<\/div>\n<\/div>\n\n\n\n<div class=\"wp-block-columns is-layout-flex wp-container-core-columns-is-layout-9d6595d7 wp-block-columns-is-layout-flex\">\n<div class=\"wp-block-column is-layout-flow wp-block-column-is-layout-flow\"><\/div>\n\n\n\n<div class=\"wp-block-column is-layout-flow wp-block-column-is-layout-flow\"><\/div>\n<\/div>\n","protected":false},"excerpt":{"rendered":"<p>Ofrecemos un servicio de clases de \u00e1rabe impartidas por profesores nativos altamente cualificados. Nuestro objetivo es brindar a los estudiantes la oportunidad de aprender \u00e1rabe moderno de una manera efectiva y aut\u00e9ntica, y al mismo tiempo, ayudar a un proyecto que aboga por el periodismo libre y la uni\u00f3n entre las culturas \u00e1rabe y espa\u00f1ola. &hellip;<\/p>\n","protected":false},"author":1,"featured_media":0,"parent":0,"menu_order":0,"comment_status":"closed","ping_status":"closed","template":"","meta":{"inline_featured_image":false,"footnotes":""},"ppma_author":[504],"class_list":["post-7136","page","type-page","status-publish","hentry"],"acf":[],"yoast_head":"<!-- This site is optimized with the Yoast SEO plugin v25.3.1 - https:\/\/yoast.com\/wordpress\/plugins\/seo\/ -->\n<title>Clases de \u00c1rabe - Baynana \u0628\u064a\u0646\u0646\u0627<\/title>\n<meta name=\"robots\" content=\"index, follow, max-snippet:-1, max-image-preview:large, max-video-preview:-1\" \/>\n<link rel=\"canonical\" href=\"https:\/\/baynana.es\/es\/clases-de-arabe\/\" \/>\n<meta property=\"og:locale\" content=\"es_ES\" \/>\n<meta property=\"og:type\" content=\"article\" \/>\n<meta property=\"og:title\" content=\"Clases de \u00c1rabe - Baynana \u0628\u064a\u0646\u0646\u0627\" \/>\n<meta property=\"og:description\" content=\"Ofrecemos un servicio de clases de \u00e1rabe impartidas por profesores nativos altamente cualificados. Nuestro objetivo es brindar a los estudiantes la oportunidad de aprender \u00e1rabe moderno de una manera efectiva y aut\u00e9ntica, y al mismo tiempo, ayudar a un proyecto que aboga por el periodismo libre y la uni\u00f3n entre las culturas \u00e1rabe y espa\u00f1ola. &hellip;\" \/>\n<meta property=\"og:url\" content=\"https:\/\/baynana.es\/es\/clases-de-arabe\/\" \/>\n<meta property=\"og:site_name\" content=\"Baynana \u0628\u064a\u0646\u0646\u0627\" \/>\n<meta property=\"article:publisher\" content=\"https:\/\/www.facebook.com\/baynanaes\" \/>\n<meta property=\"article:modified_time\" content=\"2023-04-14T10:18:09+00:00\" \/>\n<meta property=\"og:image\" content=\"https:\/\/baynana.es\/test\/wp-content\/uploads\/2021\/01\/ayhamm.jpg\" \/>\n<meta name=\"twitter:card\" content=\"summary_large_image\" \/>\n<meta name=\"twitter:site\" content=\"@baynanaes\" \/>\n<meta name=\"twitter:label1\" content=\"Tiempo de lectura\" \/>\n\t<meta name=\"twitter:data1\" content=\"2 minutos\" \/>\n<script type=\"application\/ld+json\" class=\"yoast-schema-graph\">{\"@context\":\"https:\/\/schema.org\",\"@graph\":[{\"@type\":\"WebPage\",\"@id\":\"https:\/\/baynana.es\/es\/clases-de-arabe\/\",\"url\":\"https:\/\/baynana.es\/es\/clases-de-arabe\/\",\"name\":\"Clases de \u00c1rabe - Baynana \u0628\u064a\u0646\u0646\u0627\",\"isPartOf\":{\"@id\":\"https:\/\/baynana.es\/#website\"},\"primaryImageOfPage\":{\"@id\":\"https:\/\/baynana.es\/es\/clases-de-arabe\/#primaryimage\"},\"image\":{\"@id\":\"https:\/\/baynana.es\/es\/clases-de-arabe\/#primaryimage\"},\"thumbnailUrl\":\"https:\/\/baynana.es\/test\/wp-content\/uploads\/2021\/01\/ayhamm.jpg\",\"datePublished\":\"2023-04-14T10:17:41+00:00\",\"dateModified\":\"2023-04-14T10:18:09+00:00\",\"breadcrumb\":{\"@id\":\"https:\/\/baynana.es\/es\/clases-de-arabe\/#breadcrumb\"},\"inLanguage\":\"es\",\"potentialAction\":[{\"@type\":\"ReadAction\",\"target\":[\"https:\/\/baynana.es\/es\/clases-de-arabe\/\"]}]},{\"@type\":\"ImageObject\",\"inLanguage\":\"es\",\"@id\":\"https:\/\/baynana.es\/es\/clases-de-arabe\/#primaryimage\",\"url\":\"https:\/\/baynana.es\/test\/wp-content\/uploads\/2021\/01\/ayhamm.jpg\",\"contentUrl\":\"https:\/\/baynana.es\/test\/wp-content\/uploads\/2021\/01\/ayhamm.jpg\"},{\"@type\":\"BreadcrumbList\",\"@id\":\"https:\/\/baynana.es\/es\/clases-de-arabe\/#breadcrumb\",\"itemListElement\":[{\"@type\":\"ListItem\",\"position\":1,\"name\":\"Portada\",\"item\":\"https:\/\/baynana.es\/es\/\"},{\"@type\":\"ListItem\",\"position\":2,\"name\":\"Clases de \u00c1rabe\"}]},{\"@type\":\"WebSite\",\"@id\":\"https:\/\/baynana.es\/#website\",\"url\":\"https:\/\/baynana.es\/\",\"name\":\"Baynana \u0628\u064a\u0646\u0646\u0627\",\"description\":\"Baynana Revista \u0645\u062c\u0644\u0629 \u0628\u064a\u0646\u0646\u0627\",\"publisher\":{\"@id\":\"https:\/\/baynana.es\/#organization\"},\"potentialAction\":[{\"@type\":\"SearchAction\",\"target\":{\"@type\":\"EntryPoint\",\"urlTemplate\":\"https:\/\/baynana.es\/?s={search_term_string}\"},\"query-input\":{\"@type\":\"PropertyValueSpecification\",\"valueRequired\":true,\"valueName\":\"search_term_string\"}}],\"inLanguage\":\"es\"},{\"@type\":\"Organization\",\"@id\":\"https:\/\/baynana.es\/#organization\",\"name\":\"\u0628\u064a\u0646\u0646\u0627 Baynana\",\"url\":\"https:\/\/baynana.es\/\",\"logo\":{\"@type\":\"ImageObject\",\"inLanguage\":\"es\",\"@id\":\"https:\/\/baynana.es\/#\/schema\/logo\/image\/\",\"url\":\"https:\/\/baynana.es\/wp-content\/uploads\/2021\/03\/Artboard-1.png\",\"contentUrl\":\"https:\/\/baynana.es\/wp-content\/uploads\/2021\/03\/Artboard-1.png\",\"width\":315,\"height\":228,\"caption\":\"\u0628\u064a\u0646\u0646\u0627 Baynana\"},\"image\":{\"@id\":\"https:\/\/baynana.es\/#\/schema\/logo\/image\/\"},\"sameAs\":[\"https:\/\/www.facebook.com\/baynanaes\",\"https:\/\/x.com\/baynanaes\",\"https:\/\/www.instagram.com\/baynanaes\/\",\"https:\/\/www.linkedin.com\/in\/baynana-\u0628\u064a\u0646\u0646\u0627-887599211\/\",\"https:\/\/www.youtube.com\/channel\/UC3019bsq5wOpi61SOufKxPA\"]}]}<\/script>\n<!-- \/ Yoast SEO plugin. -->","yoast_head_json":{"title":"Clases de \u00c1rabe - Baynana \u0628\u064a\u0646\u0646\u0627","robots":{"index":"index","follow":"follow","max-snippet":"max-snippet:-1","max-image-preview":"max-image-preview:large","max-video-preview":"max-video-preview:-1"},"canonical":"https:\/\/baynana.es\/es\/clases-de-arabe\/","og_locale":"es_ES","og_type":"article","og_title":"Clases de \u00c1rabe - Baynana \u0628\u064a\u0646\u0646\u0627","og_description":"Ofrecemos un servicio de clases de \u00e1rabe impartidas por profesores nativos altamente cualificados. Nuestro objetivo es brindar a los estudiantes la oportunidad de aprender \u00e1rabe moderno de una manera efectiva y aut\u00e9ntica, y al mismo tiempo, ayudar a un proyecto que aboga por el periodismo libre y la uni\u00f3n entre las culturas \u00e1rabe y espa\u00f1ola. &hellip;","og_url":"https:\/\/baynana.es\/es\/clases-de-arabe\/","og_site_name":"Baynana \u0628\u064a\u0646\u0646\u0627","article_publisher":"https:\/\/www.facebook.com\/baynanaes","article_modified_time":"2023-04-14T10:18:09+00:00","og_image":[{"url":"https:\/\/baynana.es\/test\/wp-content\/uploads\/2021\/01\/ayhamm.jpg","type":"","width":"","height":""}],"twitter_card":"summary_large_image","twitter_site":"@baynanaes","twitter_misc":{"Tiempo de lectura":"2 minutos"},"schema":{"@context":"https:\/\/schema.org","@graph":[{"@type":"WebPage","@id":"https:\/\/baynana.es\/es\/clases-de-arabe\/","url":"https:\/\/baynana.es\/es\/clases-de-arabe\/","name":"Clases de \u00c1rabe - Baynana \u0628\u064a\u0646\u0646\u0627","isPartOf":{"@id":"https:\/\/baynana.es\/#website"},"primaryImageOfPage":{"@id":"https:\/\/baynana.es\/es\/clases-de-arabe\/#primaryimage"},"image":{"@id":"https:\/\/baynana.es\/es\/clases-de-arabe\/#primaryimage"},"thumbnailUrl":"https:\/\/baynana.es\/test\/wp-content\/uploads\/2021\/01\/ayhamm.jpg","datePublished":"2023-04-14T10:17:41+00:00","dateModified":"2023-04-14T10:18:09+00:00","breadcrumb":{"@id":"https:\/\/baynana.es\/es\/clases-de-arabe\/#breadcrumb"},"inLanguage":"es","potentialAction":[{"@type":"ReadAction","target":["https:\/\/baynana.es\/es\/clases-de-arabe\/"]}]},{"@type":"ImageObject","inLanguage":"es","@id":"https:\/\/baynana.es\/es\/clases-de-arabe\/#primaryimage","url":"https:\/\/baynana.es\/test\/wp-content\/uploads\/2021\/01\/ayhamm.jpg","contentUrl":"https:\/\/baynana.es\/test\/wp-content\/uploads\/2021\/01\/ayhamm.jpg"},{"@type":"BreadcrumbList","@id":"https:\/\/baynana.es\/es\/clases-de-arabe\/#breadcrumb","itemListElement":[{"@type":"ListItem","position":1,"name":"Portada","item":"https:\/\/baynana.es\/es\/"},{"@type":"ListItem","position":2,"name":"Clases de \u00c1rabe"}]},{"@type":"WebSite","@id":"https:\/\/baynana.es\/#website","url":"https:\/\/baynana.es\/","name":"Baynana \u0628\u064a\u0646\u0646\u0627","description":"Baynana Revista \u0645\u062c\u0644\u0629 \u0628\u064a\u0646\u0646\u0627","publisher":{"@id":"https:\/\/baynana.es\/#organization"},"potentialAction":[{"@type":"SearchAction","target":{"@type":"EntryPoint","urlTemplate":"https:\/\/baynana.es\/?s={search_term_string}"},"query-input":{"@type":"PropertyValueSpecification","valueRequired":true,"valueName":"search_term_string"}}],"inLanguage":"es"},{"@type":"Organization","@id":"https:\/\/baynana.es\/#organization","name":"\u0628\u064a\u0646\u0646\u0627 Baynana","url":"https:\/\/baynana.es\/","logo":{"@type":"ImageObject","inLanguage":"es","@id":"https:\/\/baynana.es\/#\/schema\/logo\/image\/","url":"https:\/\/baynana.es\/wp-content\/uploads\/2021\/03\/Artboard-1.png","contentUrl":"https:\/\/baynana.es\/wp-content\/uploads\/2021\/03\/Artboard-1.png","width":315,"height":228,"caption":"\u0628\u064a\u0646\u0646\u0627 Baynana"},"image":{"@id":"https:\/\/baynana.es\/#\/schema\/logo\/image\/"},"sameAs":["https:\/\/www.facebook.com\/baynanaes","https:\/\/x.com\/baynanaes","https:\/\/www.instagram.com\/baynanaes\/","https:\/\/www.linkedin.com\/in\/baynana-\u0628\u064a\u0646\u0646\u0627-887599211\/","https:\/\/www.youtube.com\/channel\/UC3019bsq5wOpi61SOufKxPA"]}]}},"_links":{"self":[{"href":"https:\/\/baynana.es\/es\/wp-json\/wp\/v2\/pages\/7136","targetHints":{"allow":["GET"]}}],"collection":[{"href":"https:\/\/baynana.es\/es\/wp-json\/wp\/v2\/pages"}],"about":[{"href":"https:\/\/baynana.es\/es\/wp-json\/wp\/v2\/types\/page"}],"author":[{"embeddable":true,"href":"https:\/\/baynana.es\/es\/wp-json\/wp\/v2\/users\/1"}],"replies":[{"embeddable":true,"href":"https:\/\/baynana.es\/es\/wp-json\/wp\/v2\/comments?post=7136"}],"version-history":[{"count":1,"href":"https:\/\/baynana.es\/es\/wp-json\/wp\/v2\/pages\/7136\/revisions"}],"predecessor-version":[{"id":7137,"href":"https:\/\/baynana.es\/es\/wp-json\/wp\/v2\/pages\/7136\/revisions\/7137"}],"wp:attachment":[{"href":"https:\/\/baynana.es\/es\/wp-json\/wp\/v2\/media?parent=7136"}],"wp:term":[{"taxonomy":"author","embeddable":true,"href":"https:\/\/baynana.es\/es\/wp-json\/wp\/v2\/ppma_author?post=7136"}],"curies":[{"name":"wp","href":"https:\/\/api.w.org\/{rel}","templated":true}]}}